{"id":14797,"date":"2015-11-26T16:24:28","date_gmt":"2015-11-26T16:24:28","guid":{"rendered":"http:\/\/www.4addictic.com\/en\/politica-de-privacidad\/"},"modified":"2018-10-12T11:16:49","modified_gmt":"2018-10-12T11:16:49","slug":"privacy-policy","status":"publish","type":"page","link":"https:\/\/pre8.4addictic.com\/4addictic\/en\/privacy-policy\/","title":{"rendered":"Privacy Policy"},"content":{"rendered":"<p><div class=\"fusion-fullwidth fullwidth-box fusion-builder-row-1 nonhundred-percent-fullwidth non-hundred-percent-height-scrolling\" style=\"background-color: #f6f6f6;background-position: left top;background-repeat: no-repeat;padding-top:20px;padding-right:0px;padding-bottom:20px;padding-left:0px;margin-bottom: 0px;margin-top: 0px;border-width: 1px 0px 1px 0px;border-color:#e5e4e4;border-style:solid;\" ><div class=\"fusion-builder-row fusion-row\"><div class=\"fusion-layout-column fusion_builder_column fusion-builder-column-0 fusion_builder_column_1_1 1_1 fusion-one-full fusion-column-first fusion-column-last fusion-column-no-min-height\" style=\"margin-top:0px;margin-bottom:0px;\"><div class=\"fusion-column-wrapper fusion-flex-column-wrapper-legacy\" style=\"background-position:left top;background-repeat:no-repeat;-webkit-background-size:cover;-moz-background-size:cover;-o-background-size:cover;background-size:cover;padding: 0px 0px 0px 0px;\"><div class=\"fusion-text fusion-text-1\"><h1 style=\"text-align: center;\">Privacy policy<\/h1>\n<\/div><div class=\"fusion-clearfix\"><\/div><\/div><\/div><\/div><\/div><div class=\"fusion-fullwidth fullwidth-box fusion-builder-row-2 nonhundred-percent-fullwidth non-hundred-percent-height-scrolling\" style=\"background-color: rgba(255,255,255,0);background-position: left top;background-repeat: no-repeat;padding-top:20px;padding-right:0px;padding-bottom:20px;padding-left:0px;margin-bottom: 0px;margin-top: 0px;border-width: 0px 0px 0px 0px;border-color:#eae9e9;border-style:solid;\" ><div class=\"fusion-builder-row fusion-row\"><div class=\"fusion-layout-column fusion_builder_column fusion-builder-column-1 fusion_builder_column_1_1 1_1 fusion-one-full fusion-column-first fusion-column-last fusion-column-no-min-height\" style=\"margin-top:0px;margin-bottom:0px;\"><div class=\"fusion-column-wrapper fusion-flex-column-wrapper-legacy\" style=\"background-position:left top;background-repeat:no-repeat;-webkit-background-size:cover;-moz-background-size:cover;-o-background-size:cover;background-size:cover;padding: 0px 0px 0px 0px;\"><div class=\"fusion-text fusion-text-2\"><p style=\"margin: 0cm 0cm 0.0001pt; line-height: 15.6pt; text-align: justify; background: white;\">En cumplimiento de la Ley Org\u00e1nica 15\/1999, de 13 de diciembre, de Protecci\u00f3n de Datos de Car\u00e1cter Personal (LOPD), le informamos de que los datos personales que a trav\u00e9s de nuestra web nos faciliten los usuarios ser\u00e1n tratados de forma confidencial y pasar\u00e1n a formar parte de un fichero titularidad de 4ADDICTIC, S.L, C.I.F n\u00ba B66888975\u00a0y con domicilio en C. de l\u2019Alba 12, local B puerta 1, 08635 Barcelona que se encuentra debidamente inscrito en la Agencia Espa\u00f1ola de Protecci\u00f3n de Datos con la finalidad de gestionar, mantener o controlar sus solicitudes de informaci\u00f3n y, en su caso, tener perfiles adecuados para eventuales procesos de selecci\u00f3n de personal, as\u00ed como para remitirle, por cualquier medio, comunicaciones comerciales de 4ADDICTIC, S.L.<\/p>\n<\/div><div class=\"fusion-sep-clear\"><\/div><div class=\"fusion-separator fusion-full-width-sep\" style=\"margin-left: auto;margin-right: auto;margin-bottom:20px;width:100%;\"><\/div><div class=\"fusion-sep-clear\"><\/div><div class=\"fusion-text fusion-text-3\"><p style=\"margin: 0cm 0cm 0.0001pt; line-height: 15.6pt; text-align: justify; background: white;\">4ADDICTIC, S.L, proceder\u00e1 a la cancelaci\u00f3n de los datos recogidos cuando dejen de ser necesarios o pertinentes para la finalidad para la que hubiesen sido recabados o registrados. En el caso de que los datos recogidos se utilizasen para una finalidad diferente para la cual hubiesen sido recabados o recogidos se requerir\u00e1 el consentimiento previo de los interesados.<\/p>\n<\/div><div class=\"fusion-sep-clear\"><\/div><div class=\"fusion-separator fusion-full-width-sep\" style=\"margin-left: auto;margin-right: auto;margin-bottom:20px;width:100%;\"><\/div><div class=\"fusion-sep-clear\"><\/div><div class=\"fusion-text fusion-text-4\"><p style=\"margin: 0cm 0cm 0.0001pt; line-height: 15.6pt; text-align: justify; background: white;\">Podr\u00e1 ejercer sus derechos de acceso, rectificaci\u00f3n, cancelaci\u00f3n y oposici\u00f3n al tratamiento, dirigi\u00e9ndose mediante correo postal junto con copia de su DNI a C\/ Ordal n19, 08783 Barcelona o enviando un correo electr\u00f3nico a la siguiente direcci\u00f3n: <strong>info@4addictic.com<\/strong>.<\/p>\n<\/div><div class=\"fusion-sep-clear\"><\/div><div class=\"fusion-separator fusion-full-width-sep\" style=\"margin-left: auto;margin-right: auto;margin-bottom:20px;width:100%;\"><\/div><div class=\"fusion-sep-clear\"><\/div><div class=\"fusion-text fusion-text-5\"><p style=\"margin: 0cm 0cm 0.0001pt; line-height: 15.6pt; text-align: justify; background: white;\">4ADDICTIC, S.L, ha adoptado las medidas t\u00e9cnicas y organizativas necesarias para garantizar la seguridad e integridad de los datos, as\u00ed como para evitar su alteraci\u00f3n, p\u00e9rdida, tratamiento o acceso no autorizado.<\/p>\n<\/div><div class=\"fusion-clearfix\"><\/div><\/div><\/div><\/div><\/div><\/p>\n","protected":false},"excerpt":{"rendered":"","protected":false},"author":1,"featured_media":0,"parent":0,"menu_order":0,"comment_status":"open","ping_status":"open","template":"100-width.php","meta":{"_monsterinsights_skip_tracking":false,"_monsterinsights_sitenote_active":false,"_monsterinsights_sitenote_note":"","_monsterinsights_sitenote_category":0,"footnotes":""},"yst_prominent_words":[],"acf":[],"uagb_featured_image_src":{"full":false,"thumbnail":false,"medium":false,"medium_large":false,"large":false,"1536x1536":false,"2048x2048":false,"td_150x0":false,"td_218x150":false,"td_300x0":false,"td_324x400":false,"td_485x360":false,"td_696x0":false,"td_1068x0":false,"td_1920x0":false,"the_grid_size1":false,"the_grid_size2":false,"the_grid_size3":false,"the_grid_size4":false,"the_grid_size5":false,"portfolio-full":false,"portfolio-one":false,"portfolio-two":false,"portfolio-three":false,"portfolio-five":false},"uagb_author_info":{"display_name":"info","author_link":"https:\/\/pre8.4addictic.com\/4addictic\/en\/author\/info\/"},"uagb_comment_info":0,"uagb_excerpt":null,"blog_post_layout_featured_media_urls":{"thumbnail":"","full":""},"categories_names":null,"comments_number":"0","_links":{"self":[{"href":"https:\/\/pre8.4addictic.com\/4addictic\/en\/wp-json\/wp\/v2\/pages\/14797"}],"collection":[{"href":"https:\/\/pre8.4addictic.com\/4addictic\/en\/wp-json\/wp\/v2\/pages"}],"about":[{"href":"https:\/\/pre8.4addictic.com\/4addictic\/en\/wp-json\/wp\/v2\/types\/page"}],"author":[{"embeddable":true,"href":"https:\/\/pre8.4addictic.com\/4addictic\/en\/wp-json\/wp\/v2\/users\/1"}],"replies":[{"embeddable":true,"href":"https:\/\/pre8.4addictic.com\/4addictic\/en\/wp-json\/wp\/v2\/comments?post=14797"}],"version-history":[{"count":5,"href":"https:\/\/pre8.4addictic.com\/4addictic\/en\/wp-json\/wp\/v2\/pages\/14797\/revisions"}],"predecessor-version":[{"id":16897,"href":"https:\/\/pre8.4addictic.com\/4addictic\/en\/wp-json\/wp\/v2\/pages\/14797\/revisions\/16897"}],"wp:attachment":[{"href":"https:\/\/pre8.4addictic.com\/4addictic\/en\/wp-json\/wp\/v2\/media?parent=14797"}],"wp:term":[{"taxonomy":"yst_prominent_words","embeddable":true,"href":"https:\/\/pre8.4addictic.com\/4addictic\/en\/wp-json\/wp\/v2\/yst_prominent_words?post=14797"}],"curies":[{"name":"wp","href":"https:\/\/api.w.org\/{rel}","templated":true}]}}