{"id":13672,"date":"2015-11-26T16:24:28","date_gmt":"2015-11-26T16:24:28","guid":{"rendered":"http:\/\/www.4addictic.com\/?page_id=13672"},"modified":"2022-07-19T16:40:20","modified_gmt":"2022-07-19T15:40:20","slug":"politica-de-privacidad","status":"publish","type":"page","link":"https:\/\/pre8.4addictic.com\/4addictic\/politica-de-privacidad\/","title":{"rendered":"Pol\u00edtica de privacidad"},"content":{"rendered":"<p><div class=\"fusion-fullwidth fullwidth-box fusion-builder-row-1 fusion-flex-container nonhundred-percent-fullwidth non-hundred-percent-height-scrolling\" style=\"background-color: #f6f6f6;background-position: left top;background-repeat: no-repeat;border-width: 1px 0px 1px 0px;border-color:#e5e4e4;border-style:solid;\" ><div class=\"fusion-builder-row fusion-row fusion-flex-align-items-flex-start\" style=\"max-width:1216.8px;margin-left: calc(-4% \/ 2 );margin-right: calc(-4% \/ 2 );\"><div class=\"fusion-layout-column fusion_builder_column fusion-builder-column-0 fusion_builder_column_1_1 1_1 fusion-flex-column fusion-flex-align-self-flex-start fusion-column-no-min-height\"><div class=\"fusion-column-wrapper fusion-flex-justify-content-flex-start fusion-content-layout-column\" style=\"background-position:left top;background-repeat:no-repeat;-webkit-background-size:cover;-moz-background-size:cover;-o-background-size:cover;background-size:cover;padding: 0px 0px 0px 0px;\"><div class=\"fusion-text fusion-text-1\"><h1 style=\"text-align: center;\">Pol\u00edtica de privacidad<\/h1>\n<\/div><\/div><\/div><style type=\"text\/css\">.fusion-body .fusion-builder-column-0{width:100% !important;margin-top : 0px;margin-bottom : 0px;}.fusion-builder-column-0 > .fusion-column-wrapper {padding-top : 0px !important;padding-right : 0px !important;margin-right : 1.92%;padding-bottom : 0px !important;padding-left : 0px !important;margin-left : 1.92%;}@media only screen and (max-width:1024px) {.fusion-body .fusion-builder-column-0{width:100% !important;}.fusion-builder-column-0 > .fusion-column-wrapper {margin-right : 1.92%;margin-left : 1.92%;}}@media only screen and (max-width:640px) {.fusion-body .fusion-builder-column-0{width:100% !important;}.fusion-builder-column-0 > .fusion-column-wrapper {margin-right : 1.92%;margin-left : 1.92%;}}<\/style><\/div><style type=\"text\/css\">.fusion-body .fusion-flex-container.fusion-builder-row-1{ padding-top : 20px;margin-top : 0px;padding-right : 0px;padding-bottom : 20px;margin-bottom : 0px;padding-left : 0px;}<\/style><\/div><div class=\"fusion-fullwidth fullwidth-box fusion-builder-row-2 fusion-flex-container nonhundred-percent-fullwidth non-hundred-percent-height-scrolling\" style=\"background-color: rgba(255,255,255,0);background-position: center center;background-repeat: no-repeat;border-width: 0px 0px 0px 0px;border-color:#eae9e9;border-style:solid;\" ><div class=\"fusion-builder-row fusion-row fusion-flex-align-items-flex-start\" style=\"max-width:1216.8px;margin-left: calc(-4% \/ 2 );margin-right: calc(-4% \/ 2 );\"><div class=\"fusion-layout-column fusion_builder_column fusion-builder-column-1 fusion_builder_column_1_1 1_1 fusion-flex-column fusion-flex-align-self-flex-start fusion-column-no-min-height\"><div class=\"fusion-column-wrapper fusion-flex-justify-content-flex-start fusion-content-layout-column\" style=\"background-position:left top;background-repeat:no-repeat;-webkit-background-size:cover;-moz-background-size:cover;-o-background-size:cover;background-size:cover;padding: 0px 0px 0px 0px;\"><div class=\"fusion-text fusion-text-2\"><p style=\"margin: 0cm 0cm 0.0001pt; line-height: 15.6pt; text-align: justify; background: white;\">En cumplimiento de la Ley Org\u00e1nica 15\/1999, de 13 de diciembre, de Protecci\u00f3n de Datos de Car\u00e1cter Personal (LOPD), le informamos de que los datos personales que a trav\u00e9s de nuestra web nos faciliten los usuarios ser\u00e1n tratados de forma confidencial y pasar\u00e1n a formar parte de un fichero titularidad de 4ADDICTIC, S.L, C.I.F n\u00ba B66888975 y con domicilio en C. Ordal 19, 08783 Masquefa \u2013 Barcelona que se encuentra debidamente inscrito en la Agencia Espa\u00f1ola de Protecci\u00f3n de Datos con la finalidad de gestionar, mantener o controlar sus solicitudes de informaci\u00f3n y, en su caso, tener perfiles adecuados para eventuales procesos de selecci\u00f3n de personal, as\u00ed como para remitirle, por cualquier medio, comunicaciones comerciales de 4ADDICTIC, S.L.<\/p>\n<\/div><div class=\"fusion-separator fusion-full-width-sep\" style=\"align-self: center;margin-left: auto;margin-right: auto;margin-bottom:20px;width:100%;\"><\/div><div class=\"fusion-text fusion-text-3\"><p style=\"margin: 0cm 0cm 0.0001pt; line-height: 15.6pt; text-align: justify; background: white;\">4ADDICTIC, S.L, proceder\u00e1 a la cancelaci\u00f3n de los datos recogidos cuando dejen de ser necesarios o pertinentes para la finalidad para la que hubiesen sido recabados o registrados. En el caso de que los datos recogidos se utilizasen para una finalidad diferente para la cual hubiesen sido recabados o recogidos se requerir\u00e1 el consentimiento previo de los interesados.<\/p>\n<\/div><div class=\"fusion-separator fusion-full-width-sep\" style=\"align-self: center;margin-left: auto;margin-right: auto;margin-bottom:20px;width:100%;\"><\/div><div class=\"fusion-text fusion-text-4\"><p style=\"margin: 0cm 0cm 0.0001pt; line-height: 15.6pt; text-align: justify; background: white;\">Podr\u00e1 ejercer sus derechos de acceso, rectificaci\u00f3n, cancelaci\u00f3n y oposici\u00f3n al tratamiento, dirigi\u00e9ndose mediante correo postal junto con copia de su DNI a C\/ Ordal n19, 08783 Barcelona o enviando un correo electr\u00f3nico a la siguiente direcci\u00f3n: <strong>info@4addictic.com<\/strong>.<\/p>\n<\/div><div class=\"fusion-separator fusion-full-width-sep\" style=\"align-self: center;margin-left: auto;margin-right: auto;margin-bottom:20px;width:100%;\"><\/div><div class=\"fusion-text fusion-text-5\"><p style=\"margin: 0cm 0cm 0.0001pt; line-height: 15.6pt; text-align: justify; background: white;\">4ADDICTIC, S.L, ha adoptado las medidas t\u00e9cnicas y organizativas necesarias para garantizar la seguridad e integridad de los datos, as\u00ed como para evitar su alteraci\u00f3n, p\u00e9rdida, tratamiento o acceso no autorizado.<\/p>\n<\/div><\/div><\/div><style type=\"text\/css\">.fusion-body .fusion-builder-column-1{width:100% !important;margin-top : 0px;margin-bottom : 0px;}.fusion-builder-column-1 > .fusion-column-wrapper {padding-top : 0px !important;padding-right : 0px !important;margin-right : 1.92%;padding-bottom : 0px !important;padding-left : 0px !important;margin-left : 1.92%;}@media only screen and (max-width:1024px) {.fusion-body .fusion-builder-column-1{width:100% !important;}.fusion-builder-column-1 > .fusion-column-wrapper {margin-right : 1.92%;margin-left : 1.92%;}}@media only screen and (max-width:640px) {.fusion-body .fusion-builder-column-1{width:100% !important;}.fusion-builder-column-1 > .fusion-column-wrapper {margin-right : 1.92%;margin-left : 1.92%;}}<\/style><\/div><style type=\"text\/css\">.fusion-body .fusion-flex-container.fusion-builder-row-2{ padding-top : 0px;margin-top : 40px;padding-right : 0px;padding-bottom : 0px;margin-bottom : 0px;padding-left : 0px;}<\/style><\/div><\/p>\n","protected":false},"excerpt":{"rendered":"","protected":false},"author":1,"featured_media":0,"parent":0,"menu_order":0,"comment_status":"open","ping_status":"open","template":"100-width.php","meta":{"_monsterinsights_skip_tracking":false,"_monsterinsights_sitenote_active":false,"_monsterinsights_sitenote_note":"","_monsterinsights_sitenote_category":0,"footnotes":""},"yst_prominent_words":[912,3758,4539,924,4537,1625,482,4533,1035,4534,2084,820,664,4538,4536,4535,4540],"acf":[],"uagb_featured_image_src":{"full":false,"thumbnail":false,"medium":false,"medium_large":false,"large":false,"1536x1536":false,"2048x2048":false,"td_150x0":false,"td_218x150":false,"td_300x0":false,"td_324x400":false,"td_485x360":false,"td_696x0":false,"td_1068x0":false,"td_1920x0":false,"the_grid_size1":false,"the_grid_size2":false,"the_grid_size3":false,"the_grid_size4":false,"the_grid_size5":false,"portfolio-full":false,"portfolio-one":false,"portfolio-two":false,"portfolio-three":false,"portfolio-five":false},"uagb_author_info":{"display_name":"info","author_link":"https:\/\/pre8.4addictic.com\/4addictic\/author\/info\/"},"uagb_comment_info":0,"uagb_excerpt":null,"blog_post_layout_featured_media_urls":{"thumbnail":"","full":""},"categories_names":null,"comments_number":"0","_links":{"self":[{"href":"https:\/\/pre8.4addictic.com\/4addictic\/wp-json\/wp\/v2\/pages\/13672"}],"collection":[{"href":"https:\/\/pre8.4addictic.com\/4addictic\/wp-json\/wp\/v2\/pages"}],"about":[{"href":"https:\/\/pre8.4addictic.com\/4addictic\/wp-json\/wp\/v2\/types\/page"}],"author":[{"embeddable":true,"href":"https:\/\/pre8.4addictic.com\/4addictic\/wp-json\/wp\/v2\/users\/1"}],"replies":[{"embeddable":true,"href":"https:\/\/pre8.4addictic.com\/4addictic\/wp-json\/wp\/v2\/comments?post=13672"}],"version-history":[{"count":14,"href":"https:\/\/pre8.4addictic.com\/4addictic\/wp-json\/wp\/v2\/pages\/13672\/revisions"}],"predecessor-version":[{"id":26683,"href":"https:\/\/pre8.4addictic.com\/4addictic\/wp-json\/wp\/v2\/pages\/13672\/revisions\/26683"}],"wp:attachment":[{"href":"https:\/\/pre8.4addictic.com\/4addictic\/wp-json\/wp\/v2\/media?parent=13672"}],"wp:term":[{"taxonomy":"yst_prominent_words","embeddable":true,"href":"https:\/\/pre8.4addictic.com\/4addictic\/wp-json\/wp\/v2\/yst_prominent_words?post=13672"}],"curies":[{"name":"wp","href":"https:\/\/api.w.org\/{rel}","templated":true}]}}