{"id":13784,"date":"2016-07-20T15:39:06","date_gmt":"2016-07-20T15:39:06","guid":{"rendered":"http:\/\/www.4addictic.com\/?page_id=13784"},"modified":"2020-09-28T10:48:53","modified_gmt":"2020-09-28T10:48:53","slug":"traducir-traducciones-prestashop","status":"publish","type":"page","link":"https:\/\/pre8.4addictic.com\/4addictic\/traducir-traducciones-prestashop\/","title":{"rendered":"Traducir Traducciones &#8211; Gu\u00eda del usuario del m\u00f3dulo de Prestashop"},"content":{"rendered":"<p><div class=\"fusion-fullwidth fullwidth-box fusion-builder-row-1 nonhundred-percent-fullwidth non-hundred-percent-height-scrolling\" style=\"background-color: rgba(255,255,255,0);background-position: left top;background-repeat: no-repeat;padding-top:20px;padding-right:0px;padding-bottom:20px;padding-left:0px;margin-bottom: 0px;margin-top: 0px;border-width: 0px 0px 0px 0px;border-color:#eae9e9;border-style:solid;\" ><div class=\"fusion-builder-row fusion-row\"><div class=\"fusion-layout-column fusion_builder_column fusion-builder-column-0 fusion_builder_column_1_1 1_1 fusion-one-full fusion-column-first fusion-column-last fusion-column-no-min-height\" style=\"margin-top:0px;margin-bottom:0px;\"><div class=\"fusion-column-wrapper fusion-flex-column-wrapper-legacy\" style=\"background-position:left top;background-repeat:no-repeat;-webkit-background-size:cover;-moz-background-size:cover;-o-background-size:cover;background-size:cover;padding: 0px 0px 0px 0px;\"><div class=\"fusion-text fusion-text-1\"><p>El m\u00f3dulo de PrestaShop \u201cTraducir Traducciones\u201d es una pr\u00e1ctica y poderosa herramienta dedicada a realizar la traducci\u00f3n de todos los textos ubicados en el apartado \u00abTraducciones\u00bb de PrestaShop de una manera f\u00e1cil, r\u00e1pida y c\u00f3moda. En la configuraci\u00f3n del m\u00f3dulo podr\u00e1s indicar si deseas trabajar con la API de traducciones de Google o Microsoft.<\/p>\n<p>Esta gu\u00eda le ayudar\u00e1 en la tarea de configuraci\u00f3n as\u00ed como para guiarle para realizar las traducciones.<\/p>\n<h2><span style=\"font-weight: 400;\"><!--:es--><br \/>\nTabla de contenido<!--:--><\/span><\/h2>\n<ul>\n<li style=\"font-weight: 400;\"><span style=\"font-weight: 400;\"><!--:es-->Descripci\u00f3n t\u00e9cnica<!--:--><\/span><\/li>\n<li style=\"font-weight: 400;\"><span style=\"font-weight: 400;\"><!--:es-->Pre-requisitos del servidor<!--:--><\/span><\/li>\n<li style=\"font-weight: 400;\"><span style=\"font-weight: 400;\"><!--:es-->Instalaci\u00f3n del m\u00f3dulo<!--:--><\/span><\/li>\n<li style=\"font-weight: 400;\"><span style=\"font-weight: 400;\"><!--:es-->Configuraci\u00f3n del m\u00f3dulo<!--:--><\/span><\/li>\n<li style=\"font-weight: 400;\"><span style=\"font-weight: 400;\"><!--:es-->Preguntas frecuentes<!--:--><\/span><\/li>\n<\/ul>\n<\/div><div class=\"fusion-sep-clear\"><\/div><div class=\"fusion-separator fusion-full-width-sep\" style=\"margin-left: auto;margin-right: auto;width:100%;\"><\/div><div class=\"fusion-sep-clear\"><\/div><div class=\"fusion-clearfix\"><\/div><\/div><\/div><\/div><\/div><div class=\"fusion-fullwidth fullwidth-box fusion-builder-row-2 nonhundred-percent-fullwidth non-hundred-percent-height-scrolling\" style=\"background-color: rgba(255,255,255,0);background-position: left top;background-repeat: no-repeat;padding-top:20px;padding-right:0px;padding-bottom:20px;padding-left:0px;margin-bottom: 0px;margin-top: 0px;border-width: 0px 0px 0px 0px;border-color:#eae9e9;border-style:solid;\" ><div class=\"fusion-builder-row fusion-row\"><div class=\"fusion-layout-column fusion_builder_column fusion-builder-column-1 fusion_builder_column_1_1 1_1 fusion-one-full fusion-column-first fusion-column-last fusion-column-no-min-height\" style=\"margin-top:0px;margin-bottom:0px;\"><div class=\"fusion-column-wrapper fusion-flex-column-wrapper-legacy\" style=\"background-position:left top;background-repeat:no-repeat;-webkit-background-size:cover;-moz-background-size:cover;-o-background-size:cover;background-size:cover;padding: 0px 0px 0px 0px;\"><div class=\"fusion-text fusion-text-2\"><h2>Prop\u00f3sito de este m\u00f3dulo<br \/>\n<!--:--><\/h2>\n<p>Este m\u00f3dulo te ayudar\u00e1 a reducir las horas que pudieras pasar traduciendo, uno a uno, los textos de los m\u00f3dulos instalados.<\/p>\n<p>Este m\u00f3dulo traducir\u00e1 por ti, de manera autom\u00e1tica, todos los textos de los m\u00f3dulos instalados ya sea del\u00a0ingl\u00e9s al espa\u00f1ol\u00a0o a cualquier otro idioma.<\/p>\n<h2>Descripci\u00f3n t\u00e9cnica<!--:--><\/h2>\n<p><!--:es-->Versi\u00f3n : 1.0 \u00daltima actualizaci\u00f3n : 15\/01\/2016<!--:--><\/p>\n<h2>Requisitos del servidor<!--:--><\/h2>\n<p><!--:es-->M\u00ednima versi\u00f3n de PrestaShop: 1.5.0.17<\/p>\n<p>M\u00e1xima versi\u00f3n de Prestashop : 1.6.1.4<\/p>\n<p>PHP con funciones CURL activas<br \/>\n<!--:--><\/p>\n<h2><!--:es-->Instalaci\u00f3n del m\u00f3dulo<!--:--><\/h2>\n<p>Descomprime el fichero zip y sube la carpeta \u00aba4translation\u00bb a trav\u00e9s del FTP dentro de la carpeta \u00abmodules\u00bb en tu servidor. Otra opci\u00f3n es instalar el m\u00f3dulo a trav\u00e9s de la zona de administraci\u00f3n de PrestaShop.<!--:--><\/p>\n<\/div><div class=\"fusion-clearfix\"><\/div><\/div><\/div><\/div><\/div><div class=\"fusion-fullwidth fullwidth-box fusion-builder-row-3 nonhundred-percent-fullwidth non-hundred-percent-height-scrolling\" style=\"background-color: rgba(255,255,255,0);background-position: left top;background-repeat: no-repeat;padding-top:20px;padding-right:0px;padding-bottom:20px;padding-left:0px;margin-bottom: 0px;margin-top: 0px;border-width: 0px 0px 0px 0px;border-color:#eae9e9;border-style:solid;\" ><div class=\"fusion-builder-row fusion-row\"><div class=\"fusion-layout-column fusion_builder_column fusion-builder-column-2 fusion_builder_column_1_1 1_1 fusion-one-full fusion-column-first fusion-column-last fusion-column-no-min-height\" style=\"margin-top:0px;margin-bottom:0px;\"><div class=\"fusion-column-wrapper fusion-flex-column-wrapper-legacy\" style=\"background-position:left top;background-repeat:no-repeat;-webkit-background-size:cover;-moz-background-size:cover;-o-background-size:cover;background-size:cover;padding: 0px 0px 0px 0px;\"><div class=\"fusion-text fusion-text-3\"><h2>Configuraci\u00f3n del m\u00f3dulo<!--:--><\/h2>\n<h3><!--:es-->Pantalla de bienvenida<!--:--><\/h3>\n<figure id=\"attachment_13796\" aria-describedby=\"caption-attachment-13796\" style=\"width: 1014px\" class=\"wp-caption aligncenter\"><a href=\"http:\/\/www.4addictic.com\/wp-content\/uploads\/2016\/01\/img1.jpg\"><img decoding=\"async\" class=\"wp-image-13796 size-full\" src=\"http:\/\/www.4addictic.com\/wp-content\/uploads\/2016\/01\/img1.jpg\" alt=\"Prestashop Module Translate Translations - welcoming screen\" width=\"1014\" height=\"433\" srcset=\"https:\/\/pre8.4addictic.com\/4addictic\/wp-content\/uploads\/2016\/01\/img1-300x128.jpg 300w, https:\/\/pre8.4addictic.com\/4addictic\/wp-content\/uploads\/2016\/01\/img1-940x400.jpg 940w, https:\/\/pre8.4addictic.com\/4addictic\/wp-content\/uploads\/2016\/01\/img1.jpg 1014w\" sizes=\"(max-width: 1014px) 100vw, 1014px\" \/><\/a><figcaption id=\"caption-attachment-13796\" class=\"wp-caption-text\">Prestashop Module Translate Translations &#8211; welcoming screen<\/figcaption><\/figure>\n<p><!--:es-->Muestra una pantalla de bienvenida<\/p>\n<h3><!--:es-->Pesta\u00f1a de configuraci\u00f3n<!--:--><\/h3>\n<p><!--:es-->Usa esta pesta\u00f1a para seleccionar la API de traducci\u00f3n que desee usar y configura los detalles de esa API.<!--:--><\/p>\n<h4><\/h4>\n<figure id=\"attachment_13823\" aria-describedby=\"caption-attachment-13823\" style=\"width: 1029px\" class=\"wp-caption aligncenter\"><a href=\"http:\/\/www.4addictic.com\/wp-content\/uploads\/2016\/01\/img2.jpg\"><img decoding=\"async\" class=\"wp-image-13823 size-full\" src=\"http:\/\/www.4addictic.com\/wp-content\/uploads\/2016\/01\/img2.jpg\" alt=\"Translate Translations Prestashop Module - Configuration tab\" width=\"1029\" height=\"621\" srcset=\"https:\/\/pre8.4addictic.com\/4addictic\/wp-content\/uploads\/2016\/01\/img2-300x181.jpg 300w, https:\/\/pre8.4addictic.com\/4addictic\/wp-content\/uploads\/2016\/01\/img2-1024x618.jpg 1024w, https:\/\/pre8.4addictic.com\/4addictic\/wp-content\/uploads\/2016\/01\/img2.jpg 1029w\" sizes=\"(max-width: 1029px) 100vw, 1029px\" \/><\/a><figcaption id=\"caption-attachment-13823\" class=\"wp-caption-text\">Translate Translations Prestashop Module &#8211; Configuration tab<\/figcaption><\/figure>\n<h3><!--:es-->Pesta\u00f1a de preguntas frecuentes<!--:--><\/h3>\n<p><!--:es-->Preguntas frecuentes<!--:--><\/p>\n<figure id=\"attachment_13798\" aria-describedby=\"caption-attachment-13798\" style=\"width: 1032px\" class=\"wp-caption aligncenter\"><a href=\"http:\/\/www.4addictic.com\/wp-content\/uploads\/2016\/01\/img3.jpg\"><img decoding=\"async\" class=\"wp-image-13798 size-full\" src=\"http:\/\/www.4addictic.com\/wp-content\/uploads\/2016\/01\/img3.jpg\" alt=\"Prestashop Module Translate Translations - faq\" width=\"1032\" height=\"798\" srcset=\"https:\/\/pre8.4addictic.com\/4addictic\/wp-content\/uploads\/2016\/01\/img3-180x138.jpg 180w, https:\/\/pre8.4addictic.com\/4addictic\/wp-content\/uploads\/2016\/01\/img3-300x232.jpg 300w, https:\/\/pre8.4addictic.com\/4addictic\/wp-content\/uploads\/2016\/01\/img3-1024x792.jpg 1024w, https:\/\/pre8.4addictic.com\/4addictic\/wp-content\/uploads\/2016\/01\/img3.jpg 1032w\" sizes=\"(max-width: 1032px) 100vw, 1032px\" \/><\/a><figcaption id=\"caption-attachment-13798\" class=\"wp-caption-text\">Prestashop Module Translate Translations &#8211; faq<\/figcaption><\/figure>\n<h3><!--:es-->Pesta\u00f1a de contacto<!--:--><\/h3>\n<figure id=\"attachment_13799\" aria-describedby=\"caption-attachment-13799\" style=\"width: 1020px\" class=\"wp-caption aligncenter\"><img decoding=\"async\" class=\"wp-image-13799 size-full\" src=\"http:\/\/www.4addictic.com\/wp-content\/uploads\/2016\/01\/img4.jpg\" alt=\"Prestashop Module Translate Translations - contact tab\" width=\"1020\" height=\"426\" srcset=\"https:\/\/pre8.4addictic.com\/4addictic\/wp-content\/uploads\/2016\/01\/img4-300x125.jpg 300w, https:\/\/pre8.4addictic.com\/4addictic\/wp-content\/uploads\/2016\/01\/img4.jpg 1020w\" sizes=\"(max-width: 1020px) 100vw, 1020px\" \/><figcaption id=\"caption-attachment-13799\" class=\"wp-caption-text\">Prestashop Module Translate Translations &#8211; contact tab<\/figcaption><\/figure>\n<p><!--:es-->Le da informaci\u00f3n sobre como contactar con nosotros.<\/p>\n<\/div><div class=\"fusion-clearfix\"><\/div><\/div><\/div><\/div><\/div><div class=\"fusion-fullwidth fullwidth-box fusion-builder-row-4 nonhundred-percent-fullwidth non-hundred-percent-height-scrolling\" style=\"background-color: rgba(255,255,255,0);background-position: left top;background-repeat: no-repeat;padding-top:20px;padding-right:0px;padding-bottom:20px;padding-left:0px;margin-bottom: 0px;margin-top: 0px;border-width: 0px 0px 0px 0px;border-color:#eae9e9;border-style:solid;\" ><div class=\"fusion-builder-row fusion-row\"><div class=\"fusion-layout-column fusion_builder_column fusion-builder-column-3 fusion_builder_column_1_1 1_1 fusion-one-full fusion-column-first fusion-column-last fusion-column-no-min-height\" style=\"margin-top:0px;margin-bottom:0px;\"><div class=\"fusion-column-wrapper fusion-flex-column-wrapper-legacy\" style=\"background-position:left top;background-repeat:no-repeat;-webkit-background-size:cover;-moz-background-size:cover;-o-background-size:cover;background-size:cover;padding: 0px 0px 0px 0px;\"><div class=\"fusion-text fusion-text-4\"><h2><!--:es-->Preguntas frecuentes<!--:--><\/h2>\n<h3><!--:es-->C\u00f3mo instalar el m\u00f3dulo en Prestashop<!--:--><\/h3>\n<p><!--:es-->Por favor, siga las instrucciones que se detallan en el siguiente enlace.\u00a0<!--:--><!--:es-->Ingl\u00e9s\u00a0&#8211; <a href=\"http:\/\/www.prestatoolbox.com\/content\/21-to-install-a-new-prestashop-module\">http:\/\/www.prestatoolbox.com\/content\/21-to-install-a-new-prestashop-module<\/a> <!--:es-->Espa\u00f1ol\u00a0&#8211; <a href=\"https:\/\/www.hostinet.com\/formacion\/prestashop\/como-instalar-modulo-prestashop\/\">https:\/\/www.hostinet.com\/formacion\/prestashop\/como-instalar-modulo-prestashop\/<\/a><\/p>\n<h3><!--:es-->\u00bfC\u00f3mo puedo usar la API de traducci\u00f3n de Microsoft?<!--:--><\/h3>\n<p><!--:es-->Para configurar este m\u00f3dulo usando la API de traducci\u00f3n de Microsoft, necesitas el Client ID y el Client Secret proporcionado por Microsoft. Puedes obtener esos datos siguiendo las indicaciones de este v\u00eddeo de Youtube. Sigue los pasos desde los minutos 2:10 a 6:23.\u00a0<!--:es-->Una vez dispongas del Client ID y del Client Secret ya podr\u00e1s hacer uso de la API de traducci\u00f3n de Microsoft,\u00a0<!--:--><\/p>\n<h3><!--:es-->\u00bfC\u00f3mo puedo usar la API de traducci\u00f3n de Google?<!--:--><\/h3>\n<p><!--:es-->Para configurar este m\u00f3dulo usando la API de traducci\u00f3n de Google, necesitas el API KEY proporcionado por Google. Puedes obtenerlo siguiendo las indicaciones del siguiente v\u00eddeo de Youtube. Sigue los pasos de este m\u00f3dulo (sin audio).\u00a0<!--:--><\/p>\n<h3><!--:es-->\u00bfHa encontrado un problema?<!--:--><\/h3>\n<p>Hemos comprobado todas las funcionalidades de este m\u00f3dulo con diferentes versiones de Prestashop. En caso de que, usando tu versi\u00f3n de Prestashop, encuentras un problema, nuestro equipo de programadores estar\u00e1 encantado de solucionarlo. \u00bfQu\u00e9 tienes que hacer? Env\u00edanos un email a\u00a0<a href=\"mailto:info@4addictic.com\">info@4addictic.com<\/a> <!--:es-->con el asunto \u00abError en m\u00f3dulo A4Translation\u00bb y a\u00f1ade los siguientes detalles:<!--:--><\/p>\n<ol>\n<li>Tu versi\u00f3n de Prestashop.<!--:--><\/li>\n<li><!--:es-->Versi\u00f3n del m\u00f3dulo \u00abTraducir Traducciones\u00bb.<!--:--><\/li>\n<li><!--:es-->Navegador que usas y su versi\u00f3n (Chrome, IE, Firefox, etc&#8230;).<!--:--><\/li>\n<li><!--:es-->Capturas de pantalla. (La respuesta Ajax usando Firebug &#8211; o similar, ser\u00e1 de mucha ayuda).<!--:--><\/li>\n<li><!--:es-->Cualquier otro tipo de informaci\u00f3n que creas que pueda ser importante.<!--:--><\/li>\n<\/ol>\n<h3><!--:es-->\u00bfQu\u00e9 significan los colores de fondo de los campos de texto una vez se han traducido?<!--:--><\/h3>\n<figure id=\"attachment_13811\" aria-describedby=\"caption-attachment-13811\" style=\"width: 1032px\" class=\"wp-caption aligncenter\"><a href=\"http:\/\/www.4addictic.com\/wp-content\/uploads\/2016\/01\/img5.jpg\"><img decoding=\"async\" class=\"wp-image-13811 size-full\" src=\"http:\/\/www.4addictic.com\/wp-content\/uploads\/2016\/01\/img5.jpg\" alt=\"Prestashop Module Translate Translations - translations color guide\" width=\"1032\" height=\"414\" srcset=\"https:\/\/pre8.4addictic.com\/4addictic\/wp-content\/uploads\/2016\/01\/img5-300x120.jpg 300w, https:\/\/pre8.4addictic.com\/4addictic\/wp-content\/uploads\/2016\/01\/img5-1024x411.jpg 1024w, https:\/\/pre8.4addictic.com\/4addictic\/wp-content\/uploads\/2016\/01\/img5.jpg 1032w\" sizes=\"(max-width: 1032px) 100vw, 1032px\" \/><\/a><figcaption id=\"caption-attachment-13811\" class=\"wp-caption-text\">Prestashop Module Translate Translations &#8211; translations color guide<\/figcaption><\/figure>\n<p><!--:es-->Una vez que las traducciones se han hecho, las podr\u00e1s localizar de la siguiente manera:<\/p>\n<h4><strong><!--:es-->Si un campo de texto tiene un fondo amarillo<\/strong>:<\/h4>\n<p><!--:es-->Significa que es un campo que se ha traducido usando este m\u00f3dulo y que tiene expresiones que necesitan que se compruebe la integridad de estos. Son campos\u00a0que han sido traducidos por este m\u00f3dulo y que tiene expresiones como %s %d, etc., que requieren que se verifiquen. A veces la API de separar el % de la &#8216;d&#8217;, &#8216;s&#8217;, etc.<!--:--><\/p>\n<h4><strong><!--:es-->Si un campo de texto tiene un fondo verde:<\/strong><\/h4>\n<p><!--:es-->Significa que es un campo que se ha traducido usando este m\u00f3dulo y todo est\u00e1 correcto.<!--:--><\/p>\n<h3><!--:es-->Condiciones<!--:--><\/h3>\n<p><!--:es-->Este m\u00f3dulo no guarda las traducciones autom\u00e1ticamente. Requiere la intervenci\u00f3n de alguien que haga click en \u00ab<strong>Guardar<\/strong>\u00bb o \u00ab<strong>Guardar y permanecer<\/strong>\u00ab. Por favor, comprueba las traducciones antes de guardar. 4Addictic no se hace responsable de un mal uso de este m\u00f3dulo.<!--:--><\/p>\n<\/div><div class=\"fusion-clearfix\"><\/div><\/div><\/div><\/div><\/div><\/p>\n","protected":false},"excerpt":{"rendered":"","protected":false},"author":4,"featured_media":0,"parent":0,"menu_order":0,"comment_status":"open","ping_status":"open","template":"","meta":{"_monsterinsights_skip_tracking":false,"_monsterinsights_sitenote_active":false,"_monsterinsights_sitenote_note":"","_monsterinsights_sitenote_category":0,"footnotes":""},"yst_prominent_words":[],"acf":[],"uagb_featured_image_src":{"full":false,"thumbnail":false,"medium":false,"medium_large":false,"large":false,"1536x1536":false,"2048x2048":false,"td_150x0":false,"td_218x150":false,"td_300x0":false,"td_324x400":false,"td_485x360":false,"td_696x0":false,"td_1068x0":false,"td_1920x0":false,"the_grid_size1":false,"the_grid_size2":false,"the_grid_size3":false,"the_grid_size4":false,"the_grid_size5":false,"portfolio-full":false,"portfolio-one":false,"portfolio-two":false,"portfolio-three":false,"portfolio-five":false},"uagb_author_info":{"display_name":"Melania Llobregat","author_link":"https:\/\/pre8.4addictic.com\/4addictic\/author\/mllobregat\/"},"uagb_comment_info":0,"uagb_excerpt":null,"blog_post_layout_featured_media_urls":{"thumbnail":"","full":""},"categories_names":null,"comments_number":"0","_links":{"self":[{"href":"https:\/\/pre8.4addictic.com\/4addictic\/wp-json\/wp\/v2\/pages\/13784"}],"collection":[{"href":"https:\/\/pre8.4addictic.com\/4addictic\/wp-json\/wp\/v2\/pages"}],"about":[{"href":"https:\/\/pre8.4addictic.com\/4addictic\/wp-json\/wp\/v2\/types\/page"}],"author":[{"embeddable":true,"href":"https:\/\/pre8.4addictic.com\/4addictic\/wp-json\/wp\/v2\/users\/4"}],"replies":[{"embeddable":true,"href":"https:\/\/pre8.4addictic.com\/4addictic\/wp-json\/wp\/v2\/comments?post=13784"}],"version-history":[{"count":49,"href":"https:\/\/pre8.4addictic.com\/4addictic\/wp-json\/wp\/v2\/pages\/13784\/revisions"}],"predecessor-version":[{"id":16894,"href":"https:\/\/pre8.4addictic.com\/4addictic\/wp-json\/wp\/v2\/pages\/13784\/revisions\/16894"}],"wp:attachment":[{"href":"https:\/\/pre8.4addictic.com\/4addictic\/wp-json\/wp\/v2\/media?parent=13784"}],"wp:term":[{"taxonomy":"yst_prominent_words","embeddable":true,"href":"https:\/\/pre8.4addictic.com\/4addictic\/wp-json\/wp\/v2\/yst_prominent_words?post=13784"}],"curies":[{"name":"wp","href":"https:\/\/api.w.org\/{rel}","templated":true}]}}