{"id":15,"date":"2015-03-19T08:17:09","date_gmt":"2015-03-19T08:17:09","guid":{"rendered":"http:\/\/www.4addictic.com\/?page_id=15"},"modified":"2021-05-14T14:44:32","modified_gmt":"2021-05-14T14:44:32","slug":"partners","status":"publish","type":"page","link":"https:\/\/pre8.4addictic.com\/4addictic\/nosotros_old\/partners\/","title":{"rendered":"Partners"},"content":{"rendered":"<p><div class=\"fusion-fullwidth fullwidth-box fusion-builder-row-1 fusion-flex-container fusion-parallax-none nonhundred-percent-fullwidth non-hundred-percent-height-scrolling\" style=\"background-color: rgba(255,255,255,0);background-image: url(&quot;https:\/\/www.4addictic.com\/wp-content\/uploads\/2020\/03\/cabecera_partner.jpg&quot;);background-position: center center;background-repeat: no-repeat;border-width: 0px 0px 0px 0px;border-color:#eae9e9;border-style:solid;-webkit-background-size:cover;-moz-background-size:cover;-o-background-size:cover;background-size:cover;\" ><div class=\"fusion-builder-row fusion-row fusion-flex-align-items-flex-start\" style=\"max-width:1216.8px;margin-left: calc(-4% \/ 2 );margin-right: calc(-4% \/ 2 );\"><div class=\"fusion-layout-column fusion_builder_column fusion-builder-column-0 fusion_builder_column_1_1 1_1 fusion-flex-column\"><div class=\"fusion-column-wrapper fusion-flex-justify-content-flex-start fusion-content-layout-column\" style=\"background-position:left top;background-repeat:no-repeat;-webkit-background-size:cover;-moz-background-size:cover;-o-background-size:cover;background-size:cover;padding: 0px 0px 0px 0px;\"><div class=\"fusion-text fusion-text-1\"><h1 style=\"text-align: center;\"><strong>Partners y Certificaciones<\/strong><\/h1>\n<\/div><div class=\"fusion-text fusion-text-2\"><h3 style=\"text-align: center;\">4Addictic ha ido estableciendo alianzas con empresas cualificadas para ofrecer a sus clientes TODOS los servicios necesarios para su \u00e9xito.<\/h3>\n<\/div><\/div><\/div><style type=\"text\/css\">.fusion-body .fusion-builder-column-0{width:100% !important;margin-top : 10px;margin-bottom : 20px;}.fusion-builder-column-0 > .fusion-column-wrapper {padding-top : 0px !important;padding-right : 0px !important;margin-right : 1.92%;padding-bottom : 0px !important;padding-left : 0px !important;margin-left : 1.92%;}@media only screen and (max-width:1024px) {.fusion-body .fusion-builder-column-0{width:100% !important;}.fusion-builder-column-0 > .fusion-column-wrapper {margin-right : 1.92%;margin-left : 1.92%;}}@media only screen and (max-width:640px) {.fusion-body .fusion-builder-column-0{width:100% !important;}.fusion-builder-column-0 > .fusion-column-wrapper {margin-right : 1.92%;margin-left : 1.92%;}}<\/style><\/div><style type=\"text\/css\">.fusion-body .fusion-flex-container.fusion-builder-row-1{ padding-top : 0px;margin-top : 0px;padding-right : 0px;padding-bottom : 0px;margin-bottom : 0px;padding-left : 0px;}<\/style><\/div><div class=\"fusion-fullwidth fullwidth-box fusion-builder-row-2 fusion-flex-container nonhundred-percent-fullwidth non-hundred-percent-height-scrolling\" style=\"background-color: rgba(255,255,255,0);background-position: center center;background-repeat: no-repeat;border-width: 0px 0px 0px 0px;border-color:#eae9e9;border-style:solid;\" ><div class=\"fusion-builder-row fusion-row fusion-flex-align-items-flex-start\" style=\"max-width:1216.8px;margin-left: calc(-4% \/ 2 );margin-right: calc(-4% \/ 2 );\"><div class=\"fusion-layout-column fusion_builder_column fusion-builder-column-1 fusion_builder_column_1_1 1_1 fusion-flex-column\"><div class=\"fusion-column-wrapper fusion-flex-justify-content-flex-start fusion-content-layout-column\" style=\"background-position:left top;background-repeat:no-repeat;-webkit-background-size:cover;-moz-background-size:cover;-o-background-size:cover;background-size:cover;padding: 0px 0px 0px 0px;\"><div class=\"fusion-text fusion-text-3\"><p style=\"text-align: center;\"><span style=\"font-size: large;\">Estas alianzas <strong>complementan<\/strong> a la perfecci\u00f3n los servicios ofrecidos por nuestra empresa.<\/span><\/p>\n<p style=\"text-align: center;\"><span style=\"font-size: large;\">A continuaci\u00f3n te presentamos a nuestros <strong>partners<\/strong> juntamente con una peque\u00f1a explicaci\u00f3n de los servicios m\u00e1s relevantes que ofrecen.<\/span><\/p>\n<\/div><div class=\"fusion-separator fusion-full-width-sep\" style=\"align-self: center;margin-left: auto;margin-right: auto;margin-top:20px;width:100%;\"><\/div><div class=\"fusion-text fusion-text-4\"><h2 style=\"text-align: center;\"><span style=\"color: #ff0053;\">Partner con experiencia y de calidad para cubrir todas las necesidades de tu negocio<\/span><\/h2>\n<\/div><\/div><\/div><style type=\"text\/css\">.fusion-body .fusion-builder-column-1{width:100% !important;margin-top : 0px;margin-bottom : 20px;}.fusion-builder-column-1 > .fusion-column-wrapper {padding-top : 0px !important;padding-right : 0px !important;margin-right : 1.92%;padding-bottom : 0px !important;padding-left : 0px !important;margin-left : 1.92%;}@media only screen and (max-width:1024px) {.fusion-body .fusion-builder-column-1{width:100% !important;}.fusion-builder-column-1 > .fusion-column-wrapper {margin-right : 1.92%;margin-left : 1.92%;}}@media only screen and (max-width:640px) {.fusion-body .fusion-builder-column-1{width:100% !important;}.fusion-builder-column-1 > .fusion-column-wrapper {margin-right : 1.92%;margin-left : 1.92%;}}<\/style><\/div><style type=\"text\/css\">.fusion-body .fusion-flex-container.fusion-builder-row-2{ padding-top : 0px;margin-top : 40px;padding-right : 0px;padding-bottom : 0px;margin-bottom : 0px;padding-left : 0px;}<\/style><\/div><div class=\"fusion-fullwidth fullwidth-box fusion-builder-row-3 fusion-flex-container nonhundred-percent-fullwidth non-hundred-percent-height-scrolling\" style=\"background-color: rgba(255,255,255,0);background-position: center center;background-repeat: no-repeat;border-width: 0px 0px 0px 0px;border-color:#eae9e9;border-style:solid;\" ><div class=\"fusion-builder-row fusion-row fusion-flex-align-items-flex-start\" style=\"max-width:1216.8px;margin-left: calc(-4% \/ 2 );margin-right: calc(-4% \/ 2 );\"><div class=\"fusion-layout-column fusion_builder_column fusion-builder-column-2 fusion_builder_column_1_2 1_2 fusion-flex-column\"><div class=\"fusion-column-wrapper fusion-flex-justify-content-flex-start fusion-content-layout-column\" style=\"background-position:left top;background-repeat:no-repeat;-webkit-background-size:cover;-moz-background-size:cover;-o-background-size:cover;background-size:cover;padding: 0px 0px 0px 0px;\"><div class=\"fusion-flip-boxes flip-boxes row fusion-columns-1 flip-effect-classic\"><div class=\"fusion-flip-box-wrapper fusion-column col-lg-12 col-md-12 col-sm-12\"><div class=\"fusion-flip-box flip-right\" tabindex=\"0\"><div class=\"flip-box-inner-wrapper\"><div class=\"flip-box-front\" style=\"background-color:#ffffff;border-color:#f6f6f6;border-radius:4px;border-style:solid;border-width:1pxpx;color:#747474;transition-duration:0.4s;\"><div class=\"flip-box-front-inner\"><div class=\"flip-box-grafix flip-box-image\"><img decoding=\"async\" src=\"https:\/\/www.4addictic.com\/wp-content\/uploads\/2019\/11\/prestashop.jpg\" width=\"200\" height=\"200\" alt=\"\" \/><\/div><h2 class=\"flip-box-heading\" style=\"color:#333333;\">Prestashop<\/h2>Platinium Certificade<\/div><\/div><div class=\"flip-box-back\" style=\"background-color:#f6f6f6;border-color:#f6f6f6;border-radius:4px;border-style:solid;border-width:1pxpx;color:#333333;transition-duration:0.4s;\"><div class=\"flip-box-back-inner\">\n<p>Una de las pocas agencias\u00a0en la provincia\u00a0de Barcelona siendo\u00a0<b>PLATINUM PARTNER<\/b>\u00a0con la\u00a0plataforma eCommerce\u00a0<b>PrestaShop.\u00a0<\/b>Gracias a ello, nuestros clientes pueden cifrar 100% su confianza en nosotros.<\/p>\n<\/div><\/div><\/div><\/div><\/div><\/div><\/div><\/div><style type=\"text\/css\">.fusion-body .fusion-builder-column-2{width:50% !important;margin-top : 0px;margin-bottom : 20px;}.fusion-builder-column-2 > .fusion-column-wrapper {padding-top : 0px !important;padding-right : 0px !important;margin-right : 3.84%;padding-bottom : 0px !important;padding-left : 0px !important;margin-left : 3.84%;}@media only screen and (max-width:1024px) {.fusion-body .fusion-builder-column-2{width:100% !important;}.fusion-builder-column-2 > .fusion-column-wrapper {margin-right : 1.92%;margin-left : 1.92%;}}@media only screen and (max-width:640px) {.fusion-body .fusion-builder-column-2{width:100% !important;}.fusion-builder-column-2 > .fusion-column-wrapper {margin-right : 1.92%;margin-left : 1.92%;}}<\/style><div class=\"fusion-layout-column fusion_builder_column fusion-builder-column-3 fusion_builder_column_1_2 1_2 fusion-flex-column\"><div class=\"fusion-column-wrapper fusion-flex-justify-content-flex-start fusion-content-layout-column\" style=\"background-position:left top;background-repeat:no-repeat;-webkit-background-size:cover;-moz-background-size:cover;-o-background-size:cover;background-size:cover;padding: 0px 0px 0px 0px;\"><div class=\"fusion-flip-boxes flip-boxes row fusion-columns-1 flip-effect-classic\"><div class=\"fusion-flip-box-wrapper fusion-column col-lg-12 col-md-12 col-sm-12\"><div class=\"fusion-flip-box flip-right\" tabindex=\"0\"><div class=\"flip-box-inner-wrapper\"><div class=\"flip-box-front\" style=\"background-color:#ffffff;border-color:#f6f6f6;border-radius:4px;border-style:solid;border-width:1pxpx;color:#747474;transition-duration:0.4s;\"><div class=\"flip-box-front-inner\"><div class=\"flip-box-grafix flip-box-image\"><img decoding=\"async\" src=\"https:\/\/www.4addictic.com\/wp-content\/uploads\/2019\/11\/osso.jpg\" width=\"200\" height=\"200\" alt=\"\" \/><\/div><h2 class=\"flip-box-heading\" style=\"color:#333333;\">Gr\u00e0fiques Oss\u00f3<\/h2>Servicios de Imprenta<\/div><\/div><div class=\"flip-box-back\" style=\"background-color:#f6f6f6;border-color:#f6f6f6;border-radius:4px;border-style:solid;border-width:1pxpx;color:#333333;transition-duration:0.4s;\"><div class=\"flip-box-back-inner\">\n<p>Gr\u00e0fiques Oss\u00f3 como partner de\u00a0<strong>4Addictic<\/strong>\u00a0cubre las\u00a0<strong>necesidades gr\u00e1ficas\u00a0<\/strong>de nuestra empresa juntamente con la de muchos de nuestros clientes. Esta empresa familiar fundada en 1923 se encarga de\u00a0gestionar las necesidades gr\u00e1ficas de impresi\u00f3n, plastificaci\u00f3n y muchos m\u00e1s.<\/p>\n<\/div><\/div><\/div><\/div><\/div><\/div><\/div><\/div><style type=\"text\/css\">.fusion-body .fusion-builder-column-3{width:50% !important;margin-top : 0px;margin-bottom : 20px;}.fusion-builder-column-3 > .fusion-column-wrapper {padding-top : 0px !important;padding-right : 0px !important;margin-right : 3.84%;padding-bottom : 0px !important;padding-left : 0px !important;margin-left : 3.84%;}@media only screen and (max-width:1024px) {.fusion-body .fusion-builder-column-3{width:100% !important;}.fusion-builder-column-3 > .fusion-column-wrapper {margin-right : 1.92%;margin-left : 1.92%;}}@media only screen and (max-width:640px) {.fusion-body .fusion-builder-column-3{width:100% !important;}.fusion-builder-column-3 > .fusion-column-wrapper {margin-right : 1.92%;margin-left : 1.92%;}}<\/style><div class=\"fusion-layout-column fusion_builder_column fusion-builder-column-4 fusion_builder_column_1_2 1_2 fusion-flex-column\"><div class=\"fusion-column-wrapper fusion-flex-justify-content-flex-start fusion-content-layout-column\" style=\"background-position:left top;background-repeat:no-repeat;-webkit-background-size:cover;-moz-background-size:cover;-o-background-size:cover;background-size:cover;padding: 0px 0px 0px 0px;\"><div class=\"fusion-flip-boxes flip-boxes row fusion-columns-1 flip-effect-classic\"><div class=\"fusion-flip-box-wrapper fusion-column col-lg-12 col-md-12 col-sm-12\"><div class=\"fusion-flip-box flip-right\" tabindex=\"0\"><div class=\"flip-box-inner-wrapper\"><div class=\"flip-box-front\" style=\"background-color:#ffffff;border-color:#f6f6f6;border-radius:4px;border-style:solid;border-width:1pxpx;color:#747474;transition-duration:0.4s;\"><div class=\"flip-box-front-inner\"><div class=\"flip-box-grafix flip-box-image\"><img decoding=\"async\" src=\"https:\/\/www.4addictic.com\/wp-content\/uploads\/2019\/11\/in_nomines.jpg\" width=\"200\" height=\"200\" alt=\"\" \/><\/div><h2 class=\"flip-box-heading\" style=\"color:#333333;\">InNomines<\/h2>Naming<\/div><\/div><div class=\"flip-box-back\" style=\"background-color:#f6f6f6;border-color:#f6f6f6;border-radius:4px;border-style:solid;border-width:1pxpx;color:#333333;transition-duration:0.4s;\"><div class=\"flip-box-back-inner\">\n<p>En\u00a0<strong>InNomines<\/strong>\u00a0est\u00e1n especializados en la creaci\u00f3n de nombres para nuevos proyectos empresariales. Un servicio para\u00a0<strong>Emprendedores, Comerciantes<\/strong>\u00a0o\u00a0<strong>Aut\u00f3nomos<\/strong>\u00a0que inician una nueva empresa o proyecto.<\/p>\n<\/div><\/div><\/div><\/div><\/div><\/div><\/div><\/div><style type=\"text\/css\">.fusion-body .fusion-builder-column-4{width:50% !important;margin-top : 0px;margin-bottom : 20px;}.fusion-builder-column-4 > .fusion-column-wrapper {padding-top : 0px !important;padding-right : 0px !important;margin-right : 3.84%;padding-bottom : 0px !important;padding-left : 0px !important;margin-left : 3.84%;}@media only screen and (max-width:1024px) {.fusion-body .fusion-builder-column-4{width:100% !important;}.fusion-builder-column-4 > .fusion-column-wrapper {margin-right : 1.92%;margin-left : 1.92%;}}@media only screen and (max-width:640px) {.fusion-body .fusion-builder-column-4{width:100% !important;}.fusion-builder-column-4 > .fusion-column-wrapper {margin-right : 1.92%;margin-left : 1.92%;}}<\/style><div class=\"fusion-layout-column fusion_builder_column fusion-builder-column-5 fusion_builder_column_1_2 1_2 fusion-flex-column\"><div class=\"fusion-column-wrapper fusion-flex-justify-content-flex-start fusion-content-layout-column\" style=\"background-position:left top;background-repeat:no-repeat;-webkit-background-size:cover;-moz-background-size:cover;-o-background-size:cover;background-size:cover;padding: 0px 0px 0px 0px;\"><div class=\"fusion-flip-boxes flip-boxes row fusion-columns-1 flip-effect-classic\"><div class=\"fusion-flip-box-wrapper fusion-column col-lg-12 col-md-12 col-sm-12\"><div class=\"fusion-flip-box flip-right\" tabindex=\"0\"><div class=\"flip-box-inner-wrapper\"><div class=\"flip-box-front\" style=\"background-color:#ffffff;border-color:#f6f6f6;border-radius:4px;border-style:solid;border-width:1pxpx;color:#747474;transition-duration:0.4s;\"><div class=\"flip-box-front-inner\"><div class=\"flip-box-grafix flip-box-image\"><img decoding=\"async\" src=\"https:\/\/www.4addictic.com\/wp-content\/uploads\/2019\/11\/dbg.jpg\" width=\"200\" height=\"200\" alt=\"\" \/><\/div><h2 class=\"flip-box-heading\" style=\"color:#333333;\">DBG<\/h2>Inbound Marketing<\/div><\/div><div class=\"flip-box-back\" style=\"background-color:#f6f6f6;border-color:#f6f6f6;border-radius:4px;border-style:solid;border-width:1pxpx;color:#333333;transition-duration:0.4s;\"><div class=\"flip-box-back-inner\">\n<p>DBG son una agencia de\u00a0<strong>Inbound Marketing<\/strong>\u00a0formada por un equipo de especialistas en marketing digital con experiencia en PYME y Gran Empresa.<\/p>\n<\/div><\/div><\/div><\/div><\/div><\/div><\/div><\/div><style type=\"text\/css\">.fusion-body .fusion-builder-column-5{width:50% !important;margin-top : 0px;margin-bottom : 20px;}.fusion-builder-column-5 > .fusion-column-wrapper {padding-top : 0px !important;padding-right : 0px !important;margin-right : 3.84%;padding-bottom : 0px !important;padding-left : 0px !important;margin-left : 3.84%;}@media only screen and (max-width:1024px) {.fusion-body .fusion-builder-column-5{width:100% !important;}.fusion-builder-column-5 > .fusion-column-wrapper {margin-right : 1.92%;margin-left : 1.92%;}}@media only screen and (max-width:640px) {.fusion-body .fusion-builder-column-5{width:100% !important;}.fusion-builder-column-5 > .fusion-column-wrapper {margin-right : 1.92%;margin-left : 1.92%;}}<\/style><div class=\"fusion-layout-column fusion_builder_column fusion-builder-column-6 fusion_builder_column_1_2 1_2 fusion-flex-column\"><div class=\"fusion-column-wrapper fusion-flex-justify-content-flex-start fusion-content-layout-column\" style=\"background-position:left top;background-repeat:no-repeat;-webkit-background-size:cover;-moz-background-size:cover;-o-background-size:cover;background-size:cover;padding: 0px 0px 0px 0px;\"><div class=\"fusion-flip-boxes flip-boxes row fusion-columns-1 flip-effect-classic\"><div class=\"fusion-flip-box-wrapper fusion-column col-lg-12 col-md-12 col-sm-12\"><div class=\"fusion-flip-box flip-right\" tabindex=\"0\"><div class=\"flip-box-inner-wrapper\"><div class=\"flip-box-front\" style=\"background-color:#ffffff;border-color:#f6f6f6;border-radius:4px;border-style:solid;border-width:1pxpx;color:#747474;transition-duration:0.4s;\"><div class=\"flip-box-front-inner\"><div class=\"flip-box-grafix flip-box-image\"><img decoding=\"async\" src=\"https:\/\/www.4addictic.com\/wp-content\/uploads\/2021\/05\/aim-gestiomercats.jpg\" width=\"200\" height=\"53.33\" alt=\"\" \/><\/div><h2 class=\"flip-box-heading\" style=\"color:#333333;\">AIM<\/h2>Gesti\u00f3 de Mercats<\/div><\/div><div class=\"flip-box-back\" style=\"background-color:#f6f6f6;border-color:#f6f6f6;border-radius:4px;border-style:solid;border-width:1pxpx;color:#333333;transition-duration:0.4s;\"><div class=\"flip-box-back-inner\">\n<p><strong>Especialistas en gesti\u00f3n de mercados municipales.<\/strong> Dise\u00f1an todo tipo de estrategias para renovar y transformar los mercados adapt\u00e1ndolos a los nuevos h\u00e1bitos de consumo.<br \/>\nSe encargan de la<strong> log\u00edstica, mantenimiento, promoci\u00f3n de eventos<\/strong> para incentivar las compras y un largo etc\u00e9tera. Todo ello con el objetivo de satisfacer las necesidades tanto de los paradistas como de los clientes.<\/p>\n<\/div><\/div><\/div><\/div><\/div><\/div><\/div><\/div><style type=\"text\/css\">.fusion-body .fusion-builder-column-6{width:50% !important;margin-top : 0px;margin-bottom : 20px;}.fusion-builder-column-6 > .fusion-column-wrapper {padding-top : 0px !important;padding-right : 0px !important;margin-right : 3.84%;padding-bottom : 0px !important;padding-left : 0px !important;margin-left : 3.84%;}@media only screen and (max-width:1024px) {.fusion-body .fusion-builder-column-6{width:100% !important;}.fusion-builder-column-6 > .fusion-column-wrapper {margin-right : 1.92%;margin-left : 1.92%;}}@media only screen and (max-width:640px) {.fusion-body .fusion-builder-column-6{width:100% !important;}.fusion-builder-column-6 > .fusion-column-wrapper {margin-right : 1.92%;margin-left : 1.92%;}}<\/style><\/div><style type=\"text\/css\">.fusion-body .fusion-flex-container.fusion-builder-row-3{ padding-top : 0px;margin-top : 10;padding-right : 0px;padding-bottom : 0px;margin-bottom : 20;padding-left : 0px;}<\/style><\/div><\/p>\n","protected":false},"excerpt":{"rendered":"","protected":false},"author":1,"featured_media":0,"parent":10883,"menu_order":0,"comment_status":"open","ping_status":"open","template":"100-width.php","meta":{"_monsterinsights_skip_tracking":false,"_monsterinsights_sitenote_active":false,"_monsterinsights_sitenote_note":"","_monsterinsights_sitenote_category":0,"footnotes":""},"yst_prominent_words":[912,2696,131,566,487,929,2839,1863,2796,2064,2779,2759,222,2699,2758,2697,2698,229,337],"acf":[],"uagb_featured_image_src":{"full":false,"thumbnail":false,"medium":false,"medium_large":false,"large":false,"1536x1536":false,"2048x2048":false,"td_150x0":false,"td_218x150":false,"td_300x0":false,"td_324x400":false,"td_485x360":false,"td_696x0":false,"td_1068x0":false,"td_1920x0":false,"the_grid_size1":false,"the_grid_size2":false,"the_grid_size3":false,"the_grid_size4":false,"the_grid_size5":false,"portfolio-full":false,"portfolio-one":false,"portfolio-two":false,"portfolio-three":false,"portfolio-five":false},"uagb_author_info":{"display_name":"info","author_link":"https:\/\/pre8.4addictic.com\/4addictic\/author\/info\/"},"uagb_comment_info":0,"uagb_excerpt":null,"blog_post_layout_featured_media_urls":{"thumbnail":"","full":""},"categories_names":null,"comments_number":"0","_links":{"self":[{"href":"https:\/\/pre8.4addictic.com\/4addictic\/wp-json\/wp\/v2\/pages\/15"}],"collection":[{"href":"https:\/\/pre8.4addictic.com\/4addictic\/wp-json\/wp\/v2\/pages"}],"about":[{"href":"https:\/\/pre8.4addictic.com\/4addictic\/wp-json\/wp\/v2\/types\/page"}],"author":[{"embeddable":true,"href":"https:\/\/pre8.4addictic.com\/4addictic\/wp-json\/wp\/v2\/users\/1"}],"replies":[{"embeddable":true,"href":"https:\/\/pre8.4addictic.com\/4addictic\/wp-json\/wp\/v2\/comments?post=15"}],"version-history":[{"count":111,"href":"https:\/\/pre8.4addictic.com\/4addictic\/wp-json\/wp\/v2\/pages\/15\/revisions"}],"predecessor-version":[{"id":23742,"href":"https:\/\/pre8.4addictic.com\/4addictic\/wp-json\/wp\/v2\/pages\/15\/revisions\/23742"}],"up":[{"embeddable":true,"href":"https:\/\/pre8.4addictic.com\/4addictic\/wp-json\/wp\/v2\/pages\/10883"}],"wp:attachment":[{"href":"https:\/\/pre8.4addictic.com\/4addictic\/wp-json\/wp\/v2\/media?parent=15"}],"wp:term":[{"taxonomy":"yst_prominent_words","embeddable":true,"href":"https:\/\/pre8.4addictic.com\/4addictic\/wp-json\/wp\/v2\/yst_prominent_words?post=15"}],"curies":[{"name":"wp","href":"https:\/\/api.w.org\/{rel}","templated":true}]}}