{"id":1290,"date":"2024-05-20T09:51:55","date_gmt":"2024-05-20T07:51:55","guid":{"rendered":"https:\/\/pre8.4addictic.com\/grupohydrotec\/?page_id=1290"},"modified":"2024-05-20T09:54:53","modified_gmt":"2024-05-20T07:54:53","slug":"politica-de-cookies","status":"publish","type":"page","link":"https:\/\/pre8.4addictic.com\/grupohydrotec\/politica-de-cookies\/","title":{"rendered":"Pol\u00edtica de Cookies"},"content":{"rendered":"\t\t<div data-elementor-type=\"wp-page\" data-elementor-id=\"1290\" class=\"elementor elementor-1290\" data-elementor-post-type=\"page\">\n\t\t\t\t<div class=\"elementor-element elementor-element-a1e3cb5 e-flex e-con-boxed parallax_section_no qode_elementor_container_no e-con e-parent\" data-id=\"a1e3cb5\" data-element_type=\"container\">\n\t\t\t\t\t<div class=\"e-con-inner\">\n\t\t\t\t\t<\/div>\n\t\t\t\t<\/div>\n\t\t<div class=\"elementor-element elementor-element-180b7a0 e-flex e-con-boxed parallax_section_no qode_elementor_container_no e-con e-parent\" data-id=\"180b7a0\" data-element_type=\"container\">\n\t\t\t\t\t<div class=\"e-con-inner\">\n\t\t\t\t<div class=\"elementor-element elementor-element-f30581c elementor-widget elementor-widget-text-editor\" data-id=\"f30581c\" data-element_type=\"widget\" data-widget_type=\"text-editor.default\">\n\t\t\t\t<div class=\"elementor-widget-container\">\n\t\t\t<style>\/*! elementor - v3.21.0 - 26-05-2024 *\/\n.elementor-widget-text-editor.elementor-drop-cap-view-stacked .elementor-drop-cap{background-color:#69727d;color:#fff}.elementor-widget-text-editor.elementor-drop-cap-view-framed .elementor-drop-cap{color:#69727d;border:3px solid;background-color:transparent}.elementor-widget-text-editor:not(.elementor-drop-cap-view-default) .elementor-drop-cap{margin-top:8px}.elementor-widget-text-editor:not(.elementor-drop-cap-view-default) .elementor-drop-cap-letter{width:1em;height:1em}.elementor-widget-text-editor .elementor-drop-cap{float:left;text-align:center;line-height:1;font-size:50px}.elementor-widget-text-editor .elementor-drop-cap-letter{display:inline-block}<\/style>\t\t\t\t<div id=\"myModel\" class=\"modal fade show\" tabindex=\"-1\" role=\"dialog\" aria-labelledby=\"modalLabel\"><div class=\"modal-dialog\" role=\"document\"><div class=\"modal-content\"><div class=\"modal-header\"><h4 id=\"modalLabel\" class=\"modal-title\">Pol\u00edtica de Cookies<\/h4><p>\u00a0<\/p><\/div><\/div><div class=\"modal-content\"><div class=\"modal-body\"><div class=\"container cookies\"><p>Esta Pol\u00edtica de Cookies es parte integrante de la Pol\u00edtica de Privacidad de la URL\u00a0<a href=\"https:\/\/grupohydrotec.com\/\">https:\/\/grupohydrotec.com\/<\/a>\u00a0y en las correspondientes aplicaciones para dispositivos m\u00f3viles.<\/p><p>Con el fin de facilitar su navegaci\u00f3n por el sitio web\u00a0<a href=\"https:\/\/grupohydrotec.com\/\">https:\/\/grupohydrotec.com\/<\/a>\u00a0que pertenece a la empresa\u00a0<strong>HUMIREAC S.L.,<\/strong>\u00a0le comunica que utiliza dispositivos de almacenamiento y recuperaci\u00f3n de datos: cookies, p\u00edxeles publicitarios o tecnolog\u00edas con funcionalidades similares (en adelante, las\u00a0<strong>\u201cCookies\u201d<\/strong>).<\/p><p>En todo caso, te informamos de que el prestador es el responsable de las Cookies y del tratamiento de los datos obtenidos a trav\u00e9s de las Cookies propias y de terceros decidiendo sobre la finalidad, contenido y uso del tratamiento de la informaci\u00f3n recabada.<\/p><h4>\u00a0<\/h4><h4>1.- \u00bfQu\u00e9 es una Cookie?<\/h4><p>Las Cookies son archivos que contienen peque\u00f1as cantidades de informaci\u00f3n que se descargan en el dispositivo del usuario cuando visita una p\u00e1gina web.<\/p><p>Las Cookies son esenciales para el funcionamiento de Internet; no pueden da\u00f1ar el equipo\/dispositivo del usuario y, si se encuentran activadas en la configuraci\u00f3n de tu navegador, ayudan a identificar y resolver posibles errores de funcionamiento de la Plataforma. Las Cookies tienen muchas finalidades, como permitirte navegar entre p\u00e1ginas con eficiencia, recordar tus preferencias y, en general, mejorar tu experiencia como usuario. Tambi\u00e9n te ayudan a garantizar que los anuncios que ves online son los m\u00e1s relevantes para ti y tus intereses.<\/p><h4>\u00a0<\/h4><h4>2.- Uso de Cookies por parte del prestador<\/h4><p>Mediante la aceptaci\u00f3n del anuncio de Cookies que aparece al comienzo de la navegaci\u00f3n en la Plataforma o mediante la configuraci\u00f3n de las Cookies, aceptas de manera expresa la utilizaci\u00f3n de dichas Cookies en sus dispositivos. Si desactivas las Cookies, puede que algunas de las utilidades de que dispone la Plataforma no funcionen correctamente.<\/p><p>Concretamente, el prestador est\u00e1 utilizando las Cookies para las finalidades que a continuaci\u00f3n se exponen. Si en un futuro el prestador utilizase otras con el prop\u00f3sito de otorgar m\u00e1s y mejores servicios, se informar\u00e1 al usuario de ello.<\/p><h4>\u00a0<\/h4><h4>3.- Lista de cookies<\/h4><h5>Cookies Esenciales<\/h5><p>Estas cookies son necesarias para que el sitio web funcione y no se pueden desactivar en nuestros sistemas. Usualmente est\u00e1n configuradas para responder a acciones hechas por usted para recibir servicios, tales como ajustar sus preferencias de privacidad, iniciar sesi\u00f3n en el sitio, o llenar formularios. Usted puede configurar su navegador para bloquear o alertar la presencia de estas cookies, pero algunas partes del sitio web no funcionar\u00e1n. Estas cookies no guardan ninguna informaci\u00f3n personal identificable.<\/p><p>En este enlace tendr\u00e1 m\u00e1s informaci\u00f3n sobre c\u00f3mo utiliza Google la informaci\u00f3n de sitios web o aplicaciones que utilizan sus servicios<\/p><table><tbody><tr><th>Nombre<\/th><th>Dominio<\/th><th>Vencimiento<\/th><th>Descripci\u00f3n<\/th><\/tr><tr><td>gdprcriptConsent<\/td><td>.grupohydrotec.com<\/td><td>1 mes<\/td><td>Esta cookie es utilizada por el servicio grupohydrotec.com para recordar las preferencias de consentimiento de cookies de los visitantes. Es necesario que el banner de cookies de grupohydrotec.com funcione correctamente.<\/td><\/tr><tr><td>PHPSESSID<\/td><td>.grupohydrotec.com<\/td><td>Session<\/td><td>Cookie de sesi\u00f3n utilizada por grupohydrotec.com para identificar al visitante actual.<\/td><\/tr><tr><td>__cfduid<\/td><td>.grupohydrotec.com<\/td><td>1 mes<\/td><td>Cookie utilizada para anular cualquier restricci\u00f3n de seguridad. No contiene ninguna informaci\u00f3n de identificaci\u00f3n de usuario.<\/td><\/tr><\/tbody><\/table><h5>\u00a0<\/h5><h5 class=\"mt-4\">Cookies de rendimiento<\/h5><p>Estas cookies nos permiten contar las visitas y fuentes de circulaci\u00f3n para poder medir y mejorar el desempe\u00f1o de nuestro sitio. Nos ayudan a saber qu\u00e9 p\u00e1ginas son las m\u00e1s o menos populares, y ver cu\u00e1ntas personas visitan el sitio. Toda la informaci\u00f3n que recogen estas cookies es agregada y, por lo tanto, an\u00f3nima. Si no permite estas cookies no sabremos cu\u00e1ndo visit\u00f3 nuestro sitio.<\/p><table><tbody><tr><th>Nombre<\/th><th>Dominio<\/th><th>Vencimiento<\/th><th>Descripci\u00f3n<\/th><\/tr><tr><td>_ga<\/td><td>.grupohydrotec.com<\/td><td>2 a\u00f1os<\/td><td>Esta cookie est\u00e1 asociada con Google Universal Analytics, es una actualizaci\u00f3n del servicio de an\u00e1lisis de Google m\u00e1s utilizado. Esta cookie se utiliza para distinguir usuarios \u00fanicos asignando un n\u00famero generado aleatoriamente como identificador de cliente. Se incluye en cada solicitud de p\u00e1gina en un sitio y se utiliza para calcular los datos de visitantes, sesiones y campa\u00f1as para los informes de an\u00e1lisis de sitios. De forma predeterminada, est\u00e1 configurado para caducar despu\u00e9s de 2 a\u00f1os, aunque esto es personalizable por los propietarios de sitios web.<\/td><\/tr><tr><td>_gat_UA-114246857-1<\/td><td>.grupohydrotec.com<\/td><td>1 mes<\/td><td>Esta es una cookie de tipo patr\u00f3n establecida por Google Analytics, donde el elemento de patr\u00f3n en el nombre contiene el n\u00famero de identidad \u00fanico de la cuenta o sitio web con el que se relaciona. Es una variaci\u00f3n de la cookie _gat que se utiliza para limitar la cantidad de datos registrados por Google en sitios web de alto volumen de tr\u00e1fico.<\/td><\/tr><\/tbody><\/table><h5>\u00a0<\/h5><h5 class=\"mt-4\">Cookies dirigidas o de marketing<\/h5><p>Las cookies de orientaci\u00f3n se utilizan para identificar a los visitantes entre diferentes sitios web, por ejemplo. socios de contenido, redes de banners. Las empresas pueden utilizar esas cookies para crear un perfil de los intereses de los visitantes o mostrar anuncios relevantes en otros sitios web.<\/p><table><tbody><tr><th>Nombre<\/th><th>Dominio<\/th><th>Vencimiento<\/th><th>Descripci\u00f3n<\/th><\/tr><tr><td>_gid<\/td><td>.grupohydrotec.com<\/td><td>1 d\u00eda<\/td><td>Esta cookie est\u00e1 asociado con Google Analytics. Es utilizada por los scripts gtag.js y analytics.js y, seg\u00fan Google Analytics, esta cookie se utiliza para distinguir a los usuarios.<\/td><\/tr><\/tbody><\/table><h4>\u00a0<\/h4><h4>4.- Control y borrado de Cookies<\/h4><p>Con la herramienta de Preferencias de cookies, tienes la posibilidad de rechazar o aceptar Cookies que requieran de tu consentimiento. Tambi\u00e9n puedes bloquear y eliminar Cookies cambiando la configuraci\u00f3n de tu navegador.<\/p><p>De igual manera, para administrar las Cookies, la mayor\u00eda de los navegadores permiten rechazar o aceptar todas las Cookies o solo aceptar ciertos tipos de Cookies. El proceso para la gesti\u00f3n y eliminaci\u00f3n de Cookies se puede encontrar en la funci\u00f3n de ayuda integrada en el navegador. Si deseas limitar el uso de Cookies, puede que no puedas utilizar todas las funciones interactivas de la Plataforma.<\/p><p>Puedes permitir, bloquear o eliminar las Cookies instaladas en tu equipo mediante la configuraci\u00f3n de las opciones del navegador instalado en tu ordenador:<\/p><ul><li><a href=\"https:\/\/support.mozilla.org\/es\/kb\/habilitar-y-deshabilitar-cookies-sitios-web-rastrear-preferencias\">Firefox<\/a><\/li><li><a href=\"https:\/\/support.google.com\/accounts\/answer\/61416?hl=es\">Chrome<\/a><\/li><li><a href=\"https:\/\/support.microsoft.com\/es-es\/topic\/eliminar-y-administrar-cookies-168dab11-0753-043d-7c16-ede5947fc64d\">Explorer<\/a><\/li><li><a href=\"https:\/\/support.apple.com\/es-es\/guide\/safari\/sfri11471\/mac\">Safari<\/a><\/li><li><a href=\"https:\/\/help.opera.com\/en\/latest\/web-preferences\/#cookies\">Opera<\/a><\/li><\/ul><h4>\u00a0<\/h4><h4>5.- Notificaciones en el navegador<\/h4><p>Si has aceptado al iniciar tu navegaci\u00f3n en la Plataforma, recibir notificaciones a trav\u00e9s de la ventana emergente, Grupo Hydrotec podr\u00e1 enviarte notificaciones emergentes sobre noticias y contenido relevante sobre su objeto social. Puedes configurar estas notificaciones emergentes, tanto de Grupo Hydrotec como de otros sitios web, a trav\u00e9s de la configuraci\u00f3n u opciones de tu navegador.<\/p><h4>\u00a0<\/h4><h4>6.- Configuraci\u00f3n de anuncios en otras plataformas<\/h4><p>Al igual que sucede en los navegadores de ordenadores, los navegadores de los dispositivos m\u00f3viles permiten realizar cambios en las opciones o ajustes de privacidad para desactivar o eliminar las Cookies.<\/p><p>Si deseas modificar las opciones de privacidad sigue las instrucciones especificadas por el desarrollador de tu navegador para dispositivo m\u00f3vil.<\/p><p>A continuaci\u00f3n, podr\u00e1s encontrar algunos ejemplos de los links que te guiar\u00e1n para modificar las opciones de privacidad en tu dispositivo m\u00f3vil:<\/p><ul><li><a href=\"https:\/\/support.apple.com\/es-es\/HT201265\">Safari para IOS<\/a><\/li><li><a href=\"https:\/\/support.google.com\/accounts\/answer\/32050?co=GENIE.Platform%3DAndroid&amp;hl=es&amp;oco=0\">Chrome para Android<\/a><\/li><\/ul><\/div><\/div><\/div><\/div><\/div>\t\t\t\t\t\t<\/div>\n\t\t\t\t<\/div>\n\t\t\t\t\t<\/div>\n\t\t\t\t<\/div>\n\t\t\t\t<\/div>\n\t\t","protected":false},"excerpt":{"rendered":"<p>Pol\u00edtica de Cookies \u00a0 Esta Pol\u00edtica de Cookies es parte integrante de la Pol\u00edtica de Privacidad de&#8230;<\/p>\n","protected":false},"author":1,"featured_media":0,"parent":0,"menu_order":0,"comment_status":"closed","ping_status":"closed","template":"","meta":{"_monsterinsights_skip_tracking":false,"_monsterinsights_sitenote_active":false,"_monsterinsights_sitenote_note":"","_monsterinsights_sitenote_category":0,"footnotes":""},"class_list":["post-1290","page","type-page","status-publish","hentry"],"yoast_head":"<!-- This site is optimized with the Yoast SEO plugin v22.8 - https:\/\/yoast.com\/wordpress\/plugins\/seo\/ -->\n<title>Pol\u00edtica de Cookies - Grupo Hydrotec - Tratamientos de Humedad en Madrid<\/title>\n<meta name=\"robots\" content=\"noindex, follow, max-snippet:-1, max-image-preview:large, max-video-preview:-1\" \/>\n<meta property=\"og:locale\" content=\"es_ES\" \/>\n<meta property=\"og:type\" content=\"article\" \/>\n<meta property=\"og:title\" content=\"Pol\u00edtica de Cookies - Grupo Hydrotec - Tratamientos de Humedad en Madrid\" \/>\n<meta property=\"og:description\" content=\"Pol\u00edtica de Cookies \u00a0 Esta Pol\u00edtica de Cookies es parte integrante de la Pol\u00edtica de Privacidad de...\" \/>\n<meta property=\"og:url\" content=\"https:\/\/pre8.4addictic.com\/grupohydrotec\/politica-de-cookies\/\" \/>\n<meta property=\"og:site_name\" content=\"Grupo Hydrotec - Tratamientos de Humedad en Madrid\" \/>\n<meta property=\"article:publisher\" content=\"https:\/\/www.facebook.com\/HydrotecHumedades\/\" \/>\n<meta property=\"article:modified_time\" content=\"2024-05-20T07:54:53+00:00\" \/>\n<meta name=\"twitter:card\" content=\"summary_large_image\" \/>\n<meta name=\"twitter:label1\" content=\"Tiempo de lectura\" \/>\n\t<meta name=\"twitter:data1\" content=\"6 minutos\" \/>\n<script type=\"application\/ld+json\" class=\"yoast-schema-graph\">{\"@context\":\"https:\/\/schema.org\",\"@graph\":[{\"@type\":\"WebPage\",\"@id\":\"https:\/\/pre8.4addictic.com\/grupohydrotec\/politica-de-cookies\/\",\"url\":\"https:\/\/pre8.4addictic.com\/grupohydrotec\/politica-de-cookies\/\",\"name\":\"Pol\u00edtica de Cookies - Grupo Hydrotec - Tratamientos de Humedad en Madrid\",\"isPartOf\":{\"@id\":\"https:\/\/pre8.4addictic.com\/grupohydrotec\/#website\"},\"datePublished\":\"2024-05-20T07:51:55+00:00\",\"dateModified\":\"2024-05-20T07:54:53+00:00\",\"breadcrumb\":{\"@id\":\"https:\/\/pre8.4addictic.com\/grupohydrotec\/politica-de-cookies\/#breadcrumb\"},\"inLanguage\":\"es\",\"potentialAction\":[{\"@type\":\"ReadAction\",\"target\":[\"https:\/\/pre8.4addictic.com\/grupohydrotec\/politica-de-cookies\/\"]}]},{\"@type\":\"BreadcrumbList\",\"@id\":\"https:\/\/pre8.4addictic.com\/grupohydrotec\/politica-de-cookies\/#breadcrumb\",\"itemListElement\":[{\"@type\":\"ListItem\",\"position\":1,\"name\":\"Portada\",\"item\":\"https:\/\/pre8.4addictic.com\/grupohydrotec\/\"},{\"@type\":\"ListItem\",\"position\":2,\"name\":\"Pol\u00edtica de Cookies\"}]},{\"@type\":\"WebSite\",\"@id\":\"https:\/\/pre8.4addictic.com\/grupohydrotec\/#website\",\"url\":\"https:\/\/pre8.4addictic.com\/grupohydrotec\/\",\"name\":\"Grupo Hydrotec - Tratamientos de Humedad en Madrid\",\"description\":\"Hydrotec empresas especializada en tratamiento de humedades por capilaridad, por condensaci\u00f3n y por filtraci\u00f3n. Especialistas en eliminar las humedades en Madrid\",\"publisher\":{\"@id\":\"https:\/\/pre8.4addictic.com\/grupohydrotec\/#organization\"},\"potentialAction\":[{\"@type\":\"SearchAction\",\"target\":{\"@type\":\"EntryPoint\",\"urlTemplate\":\"https:\/\/pre8.4addictic.com\/grupohydrotec\/?s={search_term_string}\"},\"query-input\":\"required name=search_term_string\"}],\"inLanguage\":\"es\"},{\"@type\":\"Organization\",\"@id\":\"https:\/\/pre8.4addictic.com\/grupohydrotec\/#organization\",\"name\":\"Grupo Hydrotec - Tratamientos de Humedad en Madrid\",\"url\":\"https:\/\/pre8.4addictic.com\/grupohydrotec\/\",\"logo\":{\"@type\":\"ImageObject\",\"inLanguage\":\"es\",\"@id\":\"https:\/\/pre8.4addictic.com\/grupohydrotec\/#\/schema\/logo\/image\/\",\"url\":\"https:\/\/pre8.4addictic.com\/grupohydrotec\/wp-content\/uploads\/2024\/05\/logo-grupohydrotec.png\",\"contentUrl\":\"https:\/\/pre8.4addictic.com\/grupohydrotec\/wp-content\/uploads\/2024\/05\/logo-grupohydrotec.png\",\"width\":560,\"height\":121,\"caption\":\"Grupo Hydrotec - Tratamientos de Humedad en Madrid\"},\"image\":{\"@id\":\"https:\/\/pre8.4addictic.com\/grupohydrotec\/#\/schema\/logo\/image\/\"},\"sameAs\":[\"https:\/\/www.facebook.com\/HydrotecHumedades\/\",\"https:\/\/www.instagram.com\/hydrotec_es\/\"]}]}<\/script>\n<!-- \/ Yoast SEO plugin. -->","yoast_head_json":{"title":"Pol\u00edtica de Cookies - Grupo Hydrotec - Tratamientos de Humedad en Madrid","robots":{"index":"noindex","follow":"follow","max-snippet":"max-snippet:-1","max-image-preview":"max-image-preview:large","max-video-preview":"max-video-preview:-1"},"og_locale":"es_ES","og_type":"article","og_title":"Pol\u00edtica de Cookies - Grupo Hydrotec - Tratamientos de Humedad en Madrid","og_description":"Pol\u00edtica de Cookies \u00a0 Esta Pol\u00edtica de Cookies es parte integrante de la Pol\u00edtica de Privacidad de...","og_url":"https:\/\/pre8.4addictic.com\/grupohydrotec\/politica-de-cookies\/","og_site_name":"Grupo Hydrotec - Tratamientos de Humedad en Madrid","article_publisher":"https:\/\/www.facebook.com\/HydrotecHumedades\/","article_modified_time":"2024-05-20T07:54:53+00:00","twitter_card":"summary_large_image","twitter_misc":{"Tiempo de lectura":"6 minutos"},"schema":{"@context":"https:\/\/schema.org","@graph":[{"@type":"WebPage","@id":"https:\/\/pre8.4addictic.com\/grupohydrotec\/politica-de-cookies\/","url":"https:\/\/pre8.4addictic.com\/grupohydrotec\/politica-de-cookies\/","name":"Pol\u00edtica de Cookies - Grupo Hydrotec - Tratamientos de Humedad en Madrid","isPartOf":{"@id":"https:\/\/pre8.4addictic.com\/grupohydrotec\/#website"},"datePublished":"2024-05-20T07:51:55+00:00","dateModified":"2024-05-20T07:54:53+00:00","breadcrumb":{"@id":"https:\/\/pre8.4addictic.com\/grupohydrotec\/politica-de-cookies\/#breadcrumb"},"inLanguage":"es","potentialAction":[{"@type":"ReadAction","target":["https:\/\/pre8.4addictic.com\/grupohydrotec\/politica-de-cookies\/"]}]},{"@type":"BreadcrumbList","@id":"https:\/\/pre8.4addictic.com\/grupohydrotec\/politica-de-cookies\/#breadcrumb","itemListElement":[{"@type":"ListItem","position":1,"name":"Portada","item":"https:\/\/pre8.4addictic.com\/grupohydrotec\/"},{"@type":"ListItem","position":2,"name":"Pol\u00edtica de Cookies"}]},{"@type":"WebSite","@id":"https:\/\/pre8.4addictic.com\/grupohydrotec\/#website","url":"https:\/\/pre8.4addictic.com\/grupohydrotec\/","name":"Grupo Hydrotec - Tratamientos de Humedad en Madrid","description":"Hydrotec empresas especializada en tratamiento de humedades por capilaridad, por condensaci\u00f3n y por filtraci\u00f3n. Especialistas en eliminar las humedades en Madrid","publisher":{"@id":"https:\/\/pre8.4addictic.com\/grupohydrotec\/#organization"},"potentialAction":[{"@type":"SearchAction","target":{"@type":"EntryPoint","urlTemplate":"https:\/\/pre8.4addictic.com\/grupohydrotec\/?s={search_term_string}"},"query-input":"required name=search_term_string"}],"inLanguage":"es"},{"@type":"Organization","@id":"https:\/\/pre8.4addictic.com\/grupohydrotec\/#organization","name":"Grupo Hydrotec - Tratamientos de Humedad en Madrid","url":"https:\/\/pre8.4addictic.com\/grupohydrotec\/","logo":{"@type":"ImageObject","inLanguage":"es","@id":"https:\/\/pre8.4addictic.com\/grupohydrotec\/#\/schema\/logo\/image\/","url":"https:\/\/pre8.4addictic.com\/grupohydrotec\/wp-content\/uploads\/2024\/05\/logo-grupohydrotec.png","contentUrl":"https:\/\/pre8.4addictic.com\/grupohydrotec\/wp-content\/uploads\/2024\/05\/logo-grupohydrotec.png","width":560,"height":121,"caption":"Grupo Hydrotec - Tratamientos de Humedad en Madrid"},"image":{"@id":"https:\/\/pre8.4addictic.com\/grupohydrotec\/#\/schema\/logo\/image\/"},"sameAs":["https:\/\/www.facebook.com\/HydrotecHumedades\/","https:\/\/www.instagram.com\/hydrotec_es\/"]}]}},"_links":{"self":[{"href":"https:\/\/pre8.4addictic.com\/grupohydrotec\/wp-json\/wp\/v2\/pages\/1290","targetHints":{"allow":["GET"]}}],"collection":[{"href":"https:\/\/pre8.4addictic.com\/grupohydrotec\/wp-json\/wp\/v2\/pages"}],"about":[{"href":"https:\/\/pre8.4addictic.com\/grupohydrotec\/wp-json\/wp\/v2\/types\/page"}],"author":[{"embeddable":true,"href":"https:\/\/pre8.4addictic.com\/grupohydrotec\/wp-json\/wp\/v2\/users\/1"}],"replies":[{"embeddable":true,"href":"https:\/\/pre8.4addictic.com\/grupohydrotec\/wp-json\/wp\/v2\/comments?post=1290"}],"version-history":[{"count":4,"href":"https:\/\/pre8.4addictic.com\/grupohydrotec\/wp-json\/wp\/v2\/pages\/1290\/revisions"}],"predecessor-version":[{"id":1294,"href":"https:\/\/pre8.4addictic.com\/grupohydrotec\/wp-json\/wp\/v2\/pages\/1290\/revisions\/1294"}],"wp:attachment":[{"href":"https:\/\/pre8.4addictic.com\/grupohydrotec\/wp-json\/wp\/v2\/media?parent=1290"}],"curies":[{"name":"wp","href":"https:\/\/api.w.org\/{rel}","templated":true}]}}