{"id":3,"date":"2024-04-11T17:04:28","date_gmt":"2024-04-11T15:04:28","guid":{"rendered":"https:\/\/pre8.4addictic.com\/grupohydrotec\/?page_id=3"},"modified":"2024-05-20T09:46:47","modified_gmt":"2024-05-20T07:46:47","slug":"politica-privacidad","status":"publish","type":"page","link":"https:\/\/pre8.4addictic.com\/grupohydrotec\/politica-privacidad\/","title":{"rendered":"Pol\u00edtica de privacidad"},"content":{"rendered":"\t\t<div data-elementor-type=\"wp-page\" data-elementor-id=\"3\" class=\"elementor elementor-3\" data-elementor-post-type=\"page\">\n\t\t\t\t<div class=\"elementor-element elementor-element-6d6940ee e-flex e-con-boxed parallax_section_no qode_elementor_container_no e-con e-parent\" data-id=\"6d6940ee\" data-element_type=\"container\">\n\t\t\t\t\t<div class=\"e-con-inner\">\n\t\t\t\t<div class=\"elementor-element elementor-element-64ab824f elementor-widget elementor-widget-text-editor\" data-id=\"64ab824f\" data-element_type=\"widget\" data-widget_type=\"text-editor.default\">\n\t\t\t\t<div class=\"elementor-widget-container\">\n\t\t\t<style>\/*! elementor - v3.21.0 - 26-05-2024 *\/\n.elementor-widget-text-editor.elementor-drop-cap-view-stacked .elementor-drop-cap{background-color:#69727d;color:#fff}.elementor-widget-text-editor.elementor-drop-cap-view-framed .elementor-drop-cap{color:#69727d;border:3px solid;background-color:transparent}.elementor-widget-text-editor:not(.elementor-drop-cap-view-default) .elementor-drop-cap{margin-top:8px}.elementor-widget-text-editor:not(.elementor-drop-cap-view-default) .elementor-drop-cap-letter{width:1em;height:1em}.elementor-widget-text-editor .elementor-drop-cap{float:left;text-align:center;line-height:1;font-size:50px}.elementor-widget-text-editor .elementor-drop-cap-letter{display:inline-block}<\/style>\t\t\t\t<h4>Introducci\u00f3n<\/h4>\n<p>En <strong>HUMIREAC S.L<\/strong> garantizamos la protecci\u00f3n de los datos de nuestros clientes. El web de <strong>HUMIREAC S.L.<\/strong>, no reconoce de modo autom\u00e1tico ning\u00fan dato referente a la identidad de los visitantes de sus p\u00e1ginas.<\/p>\n<p>\u00a0<\/p>\n<p>En aquellos supuestos en que el usuario solicite informaci\u00f3n sobre servicios o productos o desee realizar tramitaci\u00f3n de reclamaciones o incidencias, a trav\u00e9s del env\u00edo de formularios residentes en p\u00e1ginas web de <strong>HUMIREAC S.L.<\/strong>, ser\u00e1 en todo caso necesario recoger aquellos datos personales que correspondan para poder informarle sobre su solicitud.<\/p>\n<p>\u00a0<\/p>\n<p>Todos estos datos son tratados con absoluta confidencialidad, siendo utilizados para las finalidades para las que han sido solicitados, en el marco de la Ley Org\u00e1nica de Protecci\u00f3n de Datos de Car\u00e1cter Personal y dem\u00e1s normas jur\u00eddicas concordantes.<\/p>\n<p>\u00a0<\/p>\n<h4>1. Titularidad<\/h4>\n<p><strong>HUMIREAC S.L. con C.I.F. B87333902<\/strong> sociedad constituida en Espa\u00f1a, con domicilio en<strong> CALLE TOM\u00c1S REDONDO 3 2-1 28033, MADRID<\/strong>, es la entidad titular del web y del fichero al que se incorporan sus Datos de Car\u00e1cter Personal, as\u00ed como la responsable del tratamiento de los mismos.<\/p>\n<p>\u00a0<\/p>\n<h4>2. Recogida y tratamiento<\/h4>\n<h5>2.1. Datos de Car\u00e1cter Personal.<\/h5>\n<p><strong> HUMIREAC S.L.<\/strong> recabar\u00e1 los Datos de Car\u00e1cter Personal de los Usuarios, a trav\u00e9s de formularios en l\u00ednea, v\u00eda Internet. Los Datos de Car\u00e1cter Personal recabados, en funci\u00f3n de cada caso ser\u00e1n, entre otros: nombre y apellidos, domicilio, n\u00famero de tel\u00e9fono, correo electr\u00f3nico, direcci\u00f3n de env\u00edo.<\/p>\n<p>\u00a0<\/p>\n<p>Los Usuarios, expresa e inequ\u00edvocamente, prestan su consentimiento para que los Datos de Car\u00e1cter Personal se incorporen al Fichero de Datos de Car\u00e1cter Personal con el n\u00famero 2060750728, inscrito en la agencia de protecci\u00f3n de datos.<\/p>\n<p>\u00a0<\/p>\n<h5>2.2. Finalidad.<\/h5>\n<p>La finalidad de la recogida y tratamiento automatizado de los Datos de Car\u00e1cter Personal ser\u00e1:<\/p>\n<ul>\n<li>2.2.1 Facilitar la gesti\u00f3n y comunicaci\u00f3n con nuestros clientes.<\/li>\n<li>2.2.2 Realizar propuestas a nuevos contactos.<\/li>\n<li>2.2.3 El env\u00edo de comunicaciones y publicidad relativa a servicios y productos de <strong>HUMIREAC S.L<\/strong>..<\/li>\n<\/ul>\n<p>\u00a0<\/p>\n<h4>3. Enlaces<\/h4>\n<p>El presente Sitio web incluye hiperv\u00ednculos (\u201cenlaces\u201d) que le permiten trasladarse a otras p\u00e1ginas o Sitios web. <strong>HUMIREAC S.L.<\/strong> no asume responsabilidad alguna en cuanto a las Pol\u00edticas de Protecci\u00f3n de Datos que pudieran adoptarse en los mismos, aconsejando a los Usuarios se informen del contenido de las mismas.<\/p>\n<p>\u00a0<\/p>\n<h4>4 . Derechos de acceso, rectificaci\u00f3n, cancelaci\u00f3n y oposici\u00f3n.<\/h4>\n<p>Aquellas personas f\u00edsicas que hayan facilitado sus datos a <strong>HUMIREAC S.L.<\/strong>, podr\u00e1n dirigirse a \u00e9sta, como responsable del Fichero de Datos de Car\u00e1cter Personal, con el fin de poder ejercitar sus derechos de acceso, cancelaci\u00f3n, rectificaci\u00f3n y oposici\u00f3n respecto de los datos incorporados en el Fichero de Datos de Car\u00e1cter Personal.<\/p>\n<p>\u00a0<\/p>\n<p>Dado el car\u00e1cter personal\u00edsimo de estos derechos, ser\u00e1 necesario que el afectado acredite su identidad frente a <strong>HUMIREAC S.L.<\/strong>. Entra en la Red se reserva la facultad de adoptar las medidas que fueren pertinentes con el objeto de verificar su identidad.<\/p>\n<p>\u00a0<\/p>\n<p>Los derechos de acceso, rectificaci\u00f3n, cancelaci\u00f3n y oposici\u00f3n, podr\u00e1n ejercitarse con arreglo a lo establecido en la legislaci\u00f3n vigente. El Usuario deber\u00e1 enviar una comunicaci\u00f3n por escrito, dirigida al Departamento de Atenci\u00f3n al Cliente de <strong>HUMIREAC S.L. en CALLE TOM\u00c1S REDONDO 3 2-1 28033, MADRID.<\/strong><\/p>\n<p>\u00a0<\/p>\n<p>Una vez recibida la solicitud, <strong>HUMIREAC S.L.<\/strong> proceder\u00e1 a notificarle su decisi\u00f3n en los plazos establecidos en la legislaci\u00f3n aplicable en cada momento.<\/p>\n<p>\u00a0<\/p>\n<h4>5. Cambio de Normativa<\/h4>\n<p><strong> HUMIREAC S.L.<\/strong> se reserva el derecho de modificar la presente Pol\u00edtica de Privacidad con el objeto de adaptarla a las novedades legislativas o jurisprudenciales, as\u00ed como, a las que pudieran derivarse de c\u00f3digos tipo existentes en la materia o por motivos estrat\u00e9gicos y\/o corporativos. Todo ello, sin perjuicio de reclamar el consentimiento necesario de los afectados para realizar los tratamientos requeridos, cuando \u00e9ste no se considerase otorgado con arreglo a los t\u00e9rminos de la presente Pol\u00edtica de Privacidad.<\/p>\n<p>\u00a0<\/p>\n<p>Cualquier duda, pregunta o comentario que pudiera albergar con referencia a la presente Pol\u00edtica de Privacidad, no dude en hac\u00e9rnosla saber dirigiendo su comunicaci\u00f3n al Departamento de Atenci\u00f3n al Cliente, con sede en <strong>CALLE TOM\u00c1S REDONDO 3 2-1 28033, MADRID.<\/strong><\/p>\t\t\t\t\t\t<\/div>\n\t\t\t\t<\/div>\n\t\t\t\t\t<\/div>\n\t\t\t\t<\/div>\n\t\t\t\t<\/div>\n\t\t","protected":false},"excerpt":{"rendered":"<p>Introducci\u00f3n En HUMIREAC S.L garantizamos la protecci\u00f3n de los datos de nuestros clientes. El web de HUMIREAC&#8230;<\/p>\n","protected":false},"author":1,"featured_media":0,"parent":0,"menu_order":0,"comment_status":"closed","ping_status":"open","template":"","meta":{"_monsterinsights_skip_tracking":false,"_monsterinsights_sitenote_active":false,"_monsterinsights_sitenote_note":"","_monsterinsights_sitenote_category":0,"footnotes":""},"class_list":["post-3","page","type-page","status-publish","hentry"],"yoast_head":"<!-- This site is optimized with the Yoast SEO plugin v22.8 - https:\/\/yoast.com\/wordpress\/plugins\/seo\/ -->\n<title>Pol\u00edtica de privacidad - Grupo Hydrotec - Tratamientos de Humedad en Madrid<\/title>\n<meta name=\"robots\" content=\"noindex, follow, max-snippet:-1, max-image-preview:large, max-video-preview:-1\" \/>\n<meta property=\"og:locale\" content=\"es_ES\" \/>\n<meta property=\"og:type\" content=\"article\" \/>\n<meta property=\"og:title\" content=\"Pol\u00edtica de privacidad - Grupo Hydrotec - Tratamientos de Humedad en Madrid\" \/>\n<meta property=\"og:description\" content=\"Introducci\u00f3n En HUMIREAC S.L garantizamos la protecci\u00f3n de los datos de nuestros clientes. El web de HUMIREAC...\" \/>\n<meta property=\"og:url\" content=\"https:\/\/pre8.4addictic.com\/grupohydrotec\/politica-privacidad\/\" \/>\n<meta property=\"og:site_name\" content=\"Grupo Hydrotec - Tratamientos de Humedad en Madrid\" \/>\n<meta property=\"article:publisher\" content=\"https:\/\/www.facebook.com\/HydrotecHumedades\/\" \/>\n<meta property=\"article:modified_time\" content=\"2024-05-20T07:46:47+00:00\" \/>\n<meta name=\"twitter:card\" content=\"summary_large_image\" \/>\n<meta name=\"twitter:label1\" content=\"Tiempo de lectura\" \/>\n\t<meta name=\"twitter:data1\" content=\"4 minutos\" \/>\n<script type=\"application\/ld+json\" class=\"yoast-schema-graph\">{\"@context\":\"https:\/\/schema.org\",\"@graph\":[{\"@type\":\"WebPage\",\"@id\":\"https:\/\/pre8.4addictic.com\/grupohydrotec\/politica-privacidad\/\",\"url\":\"https:\/\/pre8.4addictic.com\/grupohydrotec\/politica-privacidad\/\",\"name\":\"Pol\u00edtica de privacidad - Grupo Hydrotec - Tratamientos de Humedad en Madrid\",\"isPartOf\":{\"@id\":\"https:\/\/pre8.4addictic.com\/grupohydrotec\/#website\"},\"datePublished\":\"2024-04-11T15:04:28+00:00\",\"dateModified\":\"2024-05-20T07:46:47+00:00\",\"breadcrumb\":{\"@id\":\"https:\/\/pre8.4addictic.com\/grupohydrotec\/politica-privacidad\/#breadcrumb\"},\"inLanguage\":\"es\",\"potentialAction\":[{\"@type\":\"ReadAction\",\"target\":[\"https:\/\/pre8.4addictic.com\/grupohydrotec\/politica-privacidad\/\"]}]},{\"@type\":\"BreadcrumbList\",\"@id\":\"https:\/\/pre8.4addictic.com\/grupohydrotec\/politica-privacidad\/#breadcrumb\",\"itemListElement\":[{\"@type\":\"ListItem\",\"position\":1,\"name\":\"Portada\",\"item\":\"https:\/\/pre8.4addictic.com\/grupohydrotec\/\"},{\"@type\":\"ListItem\",\"position\":2,\"name\":\"Pol\u00edtica de privacidad\"}]},{\"@type\":\"WebSite\",\"@id\":\"https:\/\/pre8.4addictic.com\/grupohydrotec\/#website\",\"url\":\"https:\/\/pre8.4addictic.com\/grupohydrotec\/\",\"name\":\"Grupo Hydrotec - Tratamientos de Humedad en Madrid\",\"description\":\"Hydrotec empresas especializada en tratamiento de humedades por capilaridad, por condensaci\u00f3n y por filtraci\u00f3n. Especialistas en eliminar las humedades en Madrid\",\"publisher\":{\"@id\":\"https:\/\/pre8.4addictic.com\/grupohydrotec\/#organization\"},\"potentialAction\":[{\"@type\":\"SearchAction\",\"target\":{\"@type\":\"EntryPoint\",\"urlTemplate\":\"https:\/\/pre8.4addictic.com\/grupohydrotec\/?s={search_term_string}\"},\"query-input\":\"required name=search_term_string\"}],\"inLanguage\":\"es\"},{\"@type\":\"Organization\",\"@id\":\"https:\/\/pre8.4addictic.com\/grupohydrotec\/#organization\",\"name\":\"Grupo Hydrotec - Tratamientos de Humedad en Madrid\",\"url\":\"https:\/\/pre8.4addictic.com\/grupohydrotec\/\",\"logo\":{\"@type\":\"ImageObject\",\"inLanguage\":\"es\",\"@id\":\"https:\/\/pre8.4addictic.com\/grupohydrotec\/#\/schema\/logo\/image\/\",\"url\":\"https:\/\/pre8.4addictic.com\/grupohydrotec\/wp-content\/uploads\/2024\/05\/logo-grupohydrotec.png\",\"contentUrl\":\"https:\/\/pre8.4addictic.com\/grupohydrotec\/wp-content\/uploads\/2024\/05\/logo-grupohydrotec.png\",\"width\":560,\"height\":121,\"caption\":\"Grupo Hydrotec - Tratamientos de Humedad en Madrid\"},\"image\":{\"@id\":\"https:\/\/pre8.4addictic.com\/grupohydrotec\/#\/schema\/logo\/image\/\"},\"sameAs\":[\"https:\/\/www.facebook.com\/HydrotecHumedades\/\",\"https:\/\/www.instagram.com\/hydrotec_es\/\"]}]}<\/script>\n<!-- \/ Yoast SEO plugin. -->","yoast_head_json":{"title":"Pol\u00edtica de privacidad - Grupo Hydrotec - Tratamientos de Humedad en Madrid","robots":{"index":"noindex","follow":"follow","max-snippet":"max-snippet:-1","max-image-preview":"max-image-preview:large","max-video-preview":"max-video-preview:-1"},"og_locale":"es_ES","og_type":"article","og_title":"Pol\u00edtica de privacidad - Grupo Hydrotec - Tratamientos de Humedad en Madrid","og_description":"Introducci\u00f3n En HUMIREAC S.L garantizamos la protecci\u00f3n de los datos de nuestros clientes. El web de HUMIREAC...","og_url":"https:\/\/pre8.4addictic.com\/grupohydrotec\/politica-privacidad\/","og_site_name":"Grupo Hydrotec - Tratamientos de Humedad en Madrid","article_publisher":"https:\/\/www.facebook.com\/HydrotecHumedades\/","article_modified_time":"2024-05-20T07:46:47+00:00","twitter_card":"summary_large_image","twitter_misc":{"Tiempo de lectura":"4 minutos"},"schema":{"@context":"https:\/\/schema.org","@graph":[{"@type":"WebPage","@id":"https:\/\/pre8.4addictic.com\/grupohydrotec\/politica-privacidad\/","url":"https:\/\/pre8.4addictic.com\/grupohydrotec\/politica-privacidad\/","name":"Pol\u00edtica de privacidad - Grupo Hydrotec - Tratamientos de Humedad en Madrid","isPartOf":{"@id":"https:\/\/pre8.4addictic.com\/grupohydrotec\/#website"},"datePublished":"2024-04-11T15:04:28+00:00","dateModified":"2024-05-20T07:46:47+00:00","breadcrumb":{"@id":"https:\/\/pre8.4addictic.com\/grupohydrotec\/politica-privacidad\/#breadcrumb"},"inLanguage":"es","potentialAction":[{"@type":"ReadAction","target":["https:\/\/pre8.4addictic.com\/grupohydrotec\/politica-privacidad\/"]}]},{"@type":"BreadcrumbList","@id":"https:\/\/pre8.4addictic.com\/grupohydrotec\/politica-privacidad\/#breadcrumb","itemListElement":[{"@type":"ListItem","position":1,"name":"Portada","item":"https:\/\/pre8.4addictic.com\/grupohydrotec\/"},{"@type":"ListItem","position":2,"name":"Pol\u00edtica de privacidad"}]},{"@type":"WebSite","@id":"https:\/\/pre8.4addictic.com\/grupohydrotec\/#website","url":"https:\/\/pre8.4addictic.com\/grupohydrotec\/","name":"Grupo Hydrotec - Tratamientos de Humedad en Madrid","description":"Hydrotec empresas especializada en tratamiento de humedades por capilaridad, por condensaci\u00f3n y por filtraci\u00f3n. Especialistas en eliminar las humedades en Madrid","publisher":{"@id":"https:\/\/pre8.4addictic.com\/grupohydrotec\/#organization"},"potentialAction":[{"@type":"SearchAction","target":{"@type":"EntryPoint","urlTemplate":"https:\/\/pre8.4addictic.com\/grupohydrotec\/?s={search_term_string}"},"query-input":"required name=search_term_string"}],"inLanguage":"es"},{"@type":"Organization","@id":"https:\/\/pre8.4addictic.com\/grupohydrotec\/#organization","name":"Grupo Hydrotec - Tratamientos de Humedad en Madrid","url":"https:\/\/pre8.4addictic.com\/grupohydrotec\/","logo":{"@type":"ImageObject","inLanguage":"es","@id":"https:\/\/pre8.4addictic.com\/grupohydrotec\/#\/schema\/logo\/image\/","url":"https:\/\/pre8.4addictic.com\/grupohydrotec\/wp-content\/uploads\/2024\/05\/logo-grupohydrotec.png","contentUrl":"https:\/\/pre8.4addictic.com\/grupohydrotec\/wp-content\/uploads\/2024\/05\/logo-grupohydrotec.png","width":560,"height":121,"caption":"Grupo Hydrotec - Tratamientos de Humedad en Madrid"},"image":{"@id":"https:\/\/pre8.4addictic.com\/grupohydrotec\/#\/schema\/logo\/image\/"},"sameAs":["https:\/\/www.facebook.com\/HydrotecHumedades\/","https:\/\/www.instagram.com\/hydrotec_es\/"]}]}},"_links":{"self":[{"href":"https:\/\/pre8.4addictic.com\/grupohydrotec\/wp-json\/wp\/v2\/pages\/3","targetHints":{"allow":["GET"]}}],"collection":[{"href":"https:\/\/pre8.4addictic.com\/grupohydrotec\/wp-json\/wp\/v2\/pages"}],"about":[{"href":"https:\/\/pre8.4addictic.com\/grupohydrotec\/wp-json\/wp\/v2\/types\/page"}],"author":[{"embeddable":true,"href":"https:\/\/pre8.4addictic.com\/grupohydrotec\/wp-json\/wp\/v2\/users\/1"}],"replies":[{"embeddable":true,"href":"https:\/\/pre8.4addictic.com\/grupohydrotec\/wp-json\/wp\/v2\/comments?post=3"}],"version-history":[{"count":3,"href":"https:\/\/pre8.4addictic.com\/grupohydrotec\/wp-json\/wp\/v2\/pages\/3\/revisions"}],"predecessor-version":[{"id":1288,"href":"https:\/\/pre8.4addictic.com\/grupohydrotec\/wp-json\/wp\/v2\/pages\/3\/revisions\/1288"}],"wp:attachment":[{"href":"https:\/\/pre8.4addictic.com\/grupohydrotec\/wp-json\/wp\/v2\/media?parent=3"}],"curies":[{"name":"wp","href":"https:\/\/api.w.org\/{rel}","templated":true}]}}